{"id":48385,"date":"2025-07-22T10:32:31","date_gmt":"2025-07-22T14:32:31","guid":{"rendered":"https:\/\/edyka.org\/produit\/les-petites-et-les-grandes-emotions-de-la-vie\/"},"modified":"2025-07-22T10:32:31","modified_gmt":"2025-07-22T14:32:31","slug":"les-petites-et-les-grandes-emotions-de-la-vie","status":"publish","type":"product","link":"https:\/\/edyka.org\/en\/produit\/les-petites-et-les-grandes-emotions-de-la-vie\/","title":{"rendered":"Les petites (et les grandes) \u00e9motions de la vie"},"content":{"rendered":"<p><a href=\"https:\/\/livre.fnac.com\/a1419399\/Gisbert-Montse-Petites-et-grandes-emotions-de-la-vie\" rel=\"nofollow\">https:\/\/livre.fnac.com\/a1419399\/Gisbert-Montse-Petites-et-grandes-emotions-de-la-vie<\/a><\/p>\n","protected":false},"excerpt":{"rendered":"<p>Les petites &#8211; et les grandes &#8211; \u00e9motions de la vie, comme elles viennent, au fil des \u00e9v\u00e9nements quotidiens et des rencontres, les unes&#8230;<\/p>\n","protected":false},"featured_media":22538,"template":"","meta":[],"product_brand":[],"product_cat":[1081,1108,1077,1113],"product_tag":[],"class_list":{"0":"post-48385","1":"product","2":"type-product","3":"status-publish","4":"has-post-thumbnail","6":"product_cat-french","7":"product_cat-social-skills","8":"product_cat-text","9":"product_cat-youth","11":"first","12":"instock","13":"shipping-taxable","14":"product-type-simple"},"jetpack_sharing_enabled":true,"_links":{"self":[{"href":"https:\/\/edyka.org\/en\/wp-json\/wp\/v2\/product\/48385","targetHints":{"allow":["GET"]}}],"collection":[{"href":"https:\/\/edyka.org\/en\/wp-json\/wp\/v2\/product"}],"about":[{"href":"https:\/\/edyka.org\/en\/wp-json\/wp\/v2\/types\/product"}],"wp:featuredmedia":[{"embeddable":true,"href":"https:\/\/edyka.org\/en\/wp-json\/wp\/v2\/media\/22538"}],"wp:attachment":[{"href":"https:\/\/edyka.org\/en\/wp-json\/wp\/v2\/media?parent=48385"}],"wp:term":[{"taxonomy":"product_brand","embeddable":true,"href":"https:\/\/edyka.org\/en\/wp-json\/wp\/v2\/product_brand?post=48385"},{"taxonomy":"product_cat","embeddable":true,"href":"https:\/\/edyka.org\/en\/wp-json\/wp\/v2\/product_cat?post=48385"},{"taxonomy":"product_tag","embeddable":true,"href":"https:\/\/edyka.org\/en\/wp-json\/wp\/v2\/product_tag?post=48385"}],"curies":[{"name":"wp","href":"https:\/\/api.w.org\/{rel}","templated":true}]}}