{"id":48382,"date":"2025-07-22T10:32:32","date_gmt":"2025-07-22T14:32:32","guid":{"rendered":"https:\/\/edyka.org\/produit\/asperger-amitie\/"},"modified":"2025-07-22T10:32:32","modified_gmt":"2025-07-22T14:32:32","slug":"asperger-amitie","status":"publish","type":"product","link":"https:\/\/edyka.org\/en\/produit\/asperger-amitie\/","title":{"rendered":"Asperger amiti\u00e9"},"content":{"rendered":"<blockquote class=\"wp-embedded-content\" data-secret=\"sx2kjNQTtb\"><p><a href=\"https:\/\/aspergeramitie.org\/\" rel=\"nofollow noopener\" target=\"_blank\">Asperger Amiti\u00e9<\/a><\/p><\/blockquote>\n<p><iframe loading=\"lazy\" class=\"wp-embedded-content\" sandbox=\"allow-scripts\" security=\"restricted\" style=\"position: absolute; visibility: hidden;\" title=\"\u00ab\u00a0Asperger Amiti\u00e9\u00a0\u00bb &#8212; Asperger Amiti\u00e9\" src=\"https:\/\/aspergeramitie.org\/embed\/#?secret=wQPOjCeyBr#?secret=sx2kjNQTtb\" data-secret=\"sx2kjNQTtb\" width=\"600\" height=\"338\" frameborder=\"0\" marginwidth=\"0\" marginheight=\"0\" scrolling=\"no\"><\/iframe><\/p>\n","protected":false},"excerpt":{"rendered":"<p>Ce site internet est un lieu de rencontre et d&#8217;\u00e9change pour les personnes atteintes de troubles de l&#8217;autisme, en particulier pour celles diagnostiqu\u00e9es avec le syndrome d&#8217;Asperger. Il vise \u00e0 aider les personnes atteintes \u00e0 se connecter les unes aux autres et \u00e0 trouver de l&#8217;aide et du soutien pour affronter les d\u00e9fis quotidiens li\u00e9s \u00e0 leur condition. Le site propose \u00e9galement des informations sur les derni\u00e8res recherches et les avanc\u00e9es dans le domaine de l&#8217;autisme, ainsi que des ressources pour les aidants et les professionnels de la sant\u00e9.<\/p>\n","protected":false},"featured_media":16531,"template":"","meta":[],"product_brand":[],"product_cat":[1087,1081,1112,1075],"product_tag":[],"class_list":{"0":"post-48382","1":"product","2":"type-product","3":"status-publish","4":"has-post-thumbnail","6":"product_cat-asd","7":"product_cat-french","8":"product_cat-institutional","9":"product_cat-organization","11":"first","12":"instock","13":"shipping-taxable","14":"product-type-simple"},"jetpack_sharing_enabled":true,"_links":{"self":[{"href":"https:\/\/edyka.org\/en\/wp-json\/wp\/v2\/product\/48382","targetHints":{"allow":["GET"]}}],"collection":[{"href":"https:\/\/edyka.org\/en\/wp-json\/wp\/v2\/product"}],"about":[{"href":"https:\/\/edyka.org\/en\/wp-json\/wp\/v2\/types\/product"}],"wp:featuredmedia":[{"embeddable":true,"href":"https:\/\/edyka.org\/en\/wp-json\/wp\/v2\/media\/16531"}],"wp:attachment":[{"href":"https:\/\/edyka.org\/en\/wp-json\/wp\/v2\/media?parent=48382"}],"wp:term":[{"taxonomy":"product_brand","embeddable":true,"href":"https:\/\/edyka.org\/en\/wp-json\/wp\/v2\/product_brand?post=48382"},{"taxonomy":"product_cat","embeddable":true,"href":"https:\/\/edyka.org\/en\/wp-json\/wp\/v2\/product_cat?post=48382"},{"taxonomy":"product_tag","embeddable":true,"href":"https:\/\/edyka.org\/en\/wp-json\/wp\/v2\/product_tag?post=48382"}],"curies":[{"name":"wp","href":"https:\/\/api.w.org\/{rel}","templated":true}]}}