{"id":48381,"date":"2025-07-22T10:32:33","date_gmt":"2025-07-22T14:32:33","guid":{"rendered":"https:\/\/edyka.org\/produit\/lenfant-doue-lintelligence-reconcilie\/"},"modified":"2025-07-22T10:32:33","modified_gmt":"2025-07-22T14:32:33","slug":"lenfant-doue-lintelligence-reconcilie","status":"publish","type":"product","link":"https:\/\/edyka.org\/en\/produit\/lenfant-doue-lintelligence-reconcilie\/","title":{"rendered":"L\u2019enfant dou\u00e9\u00a0: l\u2019intelligence r\u00e9concili\u00e9"},"content":{"rendered":"<p><a href=\"https:\/\/www.decitre.fr\/Livre\/l-enfant-doue-9782738113597.html\" rel=\"nofollow\">https:\/\/www.decitre.fr\/Livre\/l-enfant-doue-9782738113597.html<\/a><\/p>\n","protected":false},"excerpt":{"rendered":"<p>Fait le point sur les enfants surdou\u00e9s, dou\u00e9s ou intellectuellement pr\u00e9coces et propose une m\u00e9thode pour les aider \u00e0 g\u00e9rer leur potentiel et \u00e0 ma\u00eetriser leur sensibilit\u00e9 et leurs d\u00e9faillances. Aborde les questions de l&#8217;\u00e9valuation de l&#8217;enfant dou\u00e9, ses ressources intellectuelles, sa souffrance face aux diff\u00e9rences avec les autres enfants, ainsi que le r\u00f4le des parents.<\/p>\n","protected":false},"featured_media":22538,"template":"","meta":[],"product_brand":[],"product_cat":[1081,1083,1118,1077],"product_tag":[],"class_list":{"0":"post-48381","1":"product","2":"type-product","3":"status-publish","4":"has-post-thumbnail","6":"product_cat-french","7":"product_cat-giftedness","8":"product_cat-popularization","9":"product_cat-text","11":"first","12":"instock","13":"shipping-taxable","14":"product-type-simple"},"jetpack_sharing_enabled":true,"_links":{"self":[{"href":"https:\/\/edyka.org\/en\/wp-json\/wp\/v2\/product\/48381","targetHints":{"allow":["GET"]}}],"collection":[{"href":"https:\/\/edyka.org\/en\/wp-json\/wp\/v2\/product"}],"about":[{"href":"https:\/\/edyka.org\/en\/wp-json\/wp\/v2\/types\/product"}],"wp:featuredmedia":[{"embeddable":true,"href":"https:\/\/edyka.org\/en\/wp-json\/wp\/v2\/media\/22538"}],"wp:attachment":[{"href":"https:\/\/edyka.org\/en\/wp-json\/wp\/v2\/media?parent=48381"}],"wp:term":[{"taxonomy":"product_brand","embeddable":true,"href":"https:\/\/edyka.org\/en\/wp-json\/wp\/v2\/product_brand?post=48381"},{"taxonomy":"product_cat","embeddable":true,"href":"https:\/\/edyka.org\/en\/wp-json\/wp\/v2\/product_cat?post=48381"},{"taxonomy":"product_tag","embeddable":true,"href":"https:\/\/edyka.org\/en\/wp-json\/wp\/v2\/product_tag?post=48381"}],"curies":[{"name":"wp","href":"https:\/\/api.w.org\/{rel}","templated":true}]}}