{"id":48375,"date":"2025-07-22T10:32:35","date_gmt":"2025-07-22T14:32:35","guid":{"rendered":"https:\/\/edyka.org\/produit\/application-dr-panda\/"},"modified":"2025-07-22T10:32:35","modified_gmt":"2025-07-22T14:32:35","slug":"application-dr-panda","status":"publish","type":"product","link":"https:\/\/edyka.org\/en\/produit\/application-dr-panda\/","title":{"rendered":"Application &#8220;Dr. Panda"},"content":{"rendered":"<p><a href=\"https:\/\/drpanda.com\/\" rel=\"nofollow\">https:\/\/drpanda.com\/<\/a><\/p>\n","protected":false},"excerpt":{"rendered":"<p>Dr. Panda propose une s\u00e9rie d&#8217;applications ludiques pour les enfants, offrant divers jeux et activit\u00e9s interactives. Certaines de ces applications sont sp\u00e9cifiquement ax\u00e9es sur le d\u00e9veloppement de la coordination motrice fine, offrant des d\u00e9fis adapt\u00e9s  (disponible sur iOS et Android),<\/p>\n","protected":false},"featured_media":37662,"template":"","meta":[],"product_brand":[],"product_cat":[1081,1074,1100,1114],"product_tag":[],"class_list":{"0":"post-48375","1":"product","2":"type-product","3":"status-publish","4":"has-post-thumbnail","6":"product_cat-french","7":"product_cat-interactive","8":"product_cat-motor-coordination","9":"product_cat-practical","11":"first","12":"instock","13":"shipping-taxable","14":"product-type-simple"},"jetpack_sharing_enabled":true,"_links":{"self":[{"href":"https:\/\/edyka.org\/en\/wp-json\/wp\/v2\/product\/48375","targetHints":{"allow":["GET"]}}],"collection":[{"href":"https:\/\/edyka.org\/en\/wp-json\/wp\/v2\/product"}],"about":[{"href":"https:\/\/edyka.org\/en\/wp-json\/wp\/v2\/types\/product"}],"wp:featuredmedia":[{"embeddable":true,"href":"https:\/\/edyka.org\/en\/wp-json\/wp\/v2\/media\/37662"}],"wp:attachment":[{"href":"https:\/\/edyka.org\/en\/wp-json\/wp\/v2\/media?parent=48375"}],"wp:term":[{"taxonomy":"product_brand","embeddable":true,"href":"https:\/\/edyka.org\/en\/wp-json\/wp\/v2\/product_brand?post=48375"},{"taxonomy":"product_cat","embeddable":true,"href":"https:\/\/edyka.org\/en\/wp-json\/wp\/v2\/product_cat?post=48375"},{"taxonomy":"product_tag","embeddable":true,"href":"https:\/\/edyka.org\/en\/wp-json\/wp\/v2\/product_tag?post=48375"}],"curies":[{"name":"wp","href":"https:\/\/api.w.org\/{rel}","templated":true}]}}