{"id":48374,"date":"2025-07-22T10:32:48","date_gmt":"2025-07-22T14:32:48","guid":{"rendered":"https:\/\/edyka.org\/produit\/jeuxpedago\/"},"modified":"2025-07-22T10:32:48","modified_gmt":"2025-07-22T14:32:48","slug":"jeuxpedago","status":"publish","type":"product","link":"https:\/\/edyka.org\/en\/produit\/jeuxpedago\/","title":{"rendered":"Jeuxp\u00e9dago"},"content":{"rendered":"<p><a href=\"https:\/\/www.jeuxpedago.com\/\" rel=\"nofollow\">https:\/\/www.jeuxpedago.com\/<\/a><\/p>\n","protected":false},"excerpt":{"rendered":"<p>JEUXP\u00c9DAGO : des jeux pour toutes les mati\u00e8res et tous les niveaux, du CP \u00e0 la Terminale.<\/p>\n","protected":false},"featured_media":37654,"template":"","meta":[],"product_brand":[],"product_cat":[1081,1074,1114,1102],"product_tag":[1120],"class_list":{"0":"post-48374","1":"product","2":"type-product","3":"status-publish","4":"has-post-thumbnail","6":"product_cat-french","7":"product_cat-interactive","8":"product_cat-practical","9":"product_cat-tools","10":"product_tag-teachers","12":"first","13":"instock","14":"shipping-taxable","15":"product-type-simple"},"jetpack_sharing_enabled":true,"_links":{"self":[{"href":"https:\/\/edyka.org\/en\/wp-json\/wp\/v2\/product\/48374","targetHints":{"allow":["GET"]}}],"collection":[{"href":"https:\/\/edyka.org\/en\/wp-json\/wp\/v2\/product"}],"about":[{"href":"https:\/\/edyka.org\/en\/wp-json\/wp\/v2\/types\/product"}],"wp:featuredmedia":[{"embeddable":true,"href":"https:\/\/edyka.org\/en\/wp-json\/wp\/v2\/media\/37654"}],"wp:attachment":[{"href":"https:\/\/edyka.org\/en\/wp-json\/wp\/v2\/media?parent=48374"}],"wp:term":[{"taxonomy":"product_brand","embeddable":true,"href":"https:\/\/edyka.org\/en\/wp-json\/wp\/v2\/product_brand?post=48374"},{"taxonomy":"product_cat","embeddable":true,"href":"https:\/\/edyka.org\/en\/wp-json\/wp\/v2\/product_cat?post=48374"},{"taxonomy":"product_tag","embeddable":true,"href":"https:\/\/edyka.org\/en\/wp-json\/wp\/v2\/product_tag?post=48374"}],"curies":[{"name":"wp","href":"https:\/\/api.w.org\/{rel}","templated":true}]}}