{"id":48373,"date":"2025-07-22T10:32:48","date_gmt":"2025-07-22T14:32:48","guid":{"rendered":"https:\/\/edyka.org\/produit\/comment-gerer-son-hypersensibilite-sensorielle\/"},"modified":"2025-07-22T10:32:48","modified_gmt":"2025-07-22T14:32:48","slug":"comment-gerer-son-hypersensibilite-sensorielle","status":"publish","type":"product","link":"https:\/\/edyka.org\/en\/produit\/comment-gerer-son-hypersensibilite-sensorielle\/","title":{"rendered":"Comment g\u00e9rer son hypersensibilit\u00e9 sensorielle ?"},"content":{"rendered":"<p>L&#8217;article est dans notre drive, je t&#8217;envoie une copie par courriel<br \/>\n<a href=\"https:\/\/drive.google.com\/drive\/home\" rel=\"nofollow\">https:\/\/drive.google.com\/drive\/home<\/a><\/p>\n","protected":false},"excerpt":{"rendered":"<p>L&#8217;hypersensibilit\u00e9 sensorielle est un \u00e9tat dans lequel les personnes ressentent excessivement les stimulations sensorielles, telles que les bruits, les odeurs, les lumi\u00e8res, etc. Pour g\u00e9rer cette condition, il est recommand\u00e9 de limiter les expositions aux stimulations sensorielles d\u00e9sagr\u00e9ables, de cr\u00e9er des espaces s\u00e9curitaires, de pratiquer des techniques de relaxation, de se connecter avec d&#8217;autres personnes ayant des exp\u00e9riences similaires, et de consulter un professionnel de la sant\u00e9 mentale pour obtenir un soutien th\u00e9rapeutique.<\/p>\n","protected":false},"featured_media":37674,"template":"","meta":[],"product_brand":[],"product_cat":[1081,1118,1096,1077],"product_tag":[],"class_list":{"0":"post-48373","1":"product","2":"type-product","3":"status-publish","4":"has-post-thumbnail","6":"product_cat-french","7":"product_cat-popularization","8":"product_cat-sensory-disorders","9":"product_cat-text","11":"first","12":"instock","13":"shipping-taxable","14":"product-type-simple"},"jetpack_sharing_enabled":true,"_links":{"self":[{"href":"https:\/\/edyka.org\/en\/wp-json\/wp\/v2\/product\/48373","targetHints":{"allow":["GET"]}}],"collection":[{"href":"https:\/\/edyka.org\/en\/wp-json\/wp\/v2\/product"}],"about":[{"href":"https:\/\/edyka.org\/en\/wp-json\/wp\/v2\/types\/product"}],"wp:featuredmedia":[{"embeddable":true,"href":"https:\/\/edyka.org\/en\/wp-json\/wp\/v2\/media\/37674"}],"wp:attachment":[{"href":"https:\/\/edyka.org\/en\/wp-json\/wp\/v2\/media?parent=48373"}],"wp:term":[{"taxonomy":"product_brand","embeddable":true,"href":"https:\/\/edyka.org\/en\/wp-json\/wp\/v2\/product_brand?post=48373"},{"taxonomy":"product_cat","embeddable":true,"href":"https:\/\/edyka.org\/en\/wp-json\/wp\/v2\/product_cat?post=48373"},{"taxonomy":"product_tag","embeddable":true,"href":"https:\/\/edyka.org\/en\/wp-json\/wp\/v2\/product_tag?post=48373"}],"curies":[{"name":"wp","href":"https:\/\/api.w.org\/{rel}","templated":true}]}}