{"id":48358,"date":"2025-07-22T10:33:02","date_gmt":"2025-07-22T14:33:02","guid":{"rendered":"https:\/\/edyka.org\/produit\/itineraire-dun-angoisse-heureux\/"},"modified":"2025-07-22T10:33:02","modified_gmt":"2025-07-22T14:33:02","slug":"itineraire-dun-angoisse-heureux","status":"publish","type":"product","link":"https:\/\/edyka.org\/en\/produit\/itineraire-dun-angoisse-heureux\/","title":{"rendered":"Itineraire d\u2019un angoiss\u00e9 heureux"},"content":{"rendered":"<p><a href=\"https:\/\/www.decitre.fr\/livre-pod\/itineraire-d-un-angoisse-heureux-9782750904395.html\" rel=\"nofollow\">https:\/\/www.decitre.fr\/livre-pod\/itineraire-d-un-angoisse-heureux-9782750904395.html<\/a><\/p>\n","protected":false},"excerpt":{"rendered":"<p>\u00c0 partir du v\u00e9cu de l&#8217;auteur, ce livre pratique apporte un \u00e9clairage sur l&#8217;angoisse, sa signification et, surtout, ouvre des pistes pour la d\u00e9passer. Loin de tout dogme psychologique, Jean-Marc Louis donne des conseils pragmatiques pour devenir un angoiss\u00e9 heureux !<\/p>\n","protected":false},"featured_media":22572,"template":"","meta":[],"product_brand":[],"product_cat":[1106,1081,1117,1077],"product_tag":[],"class_list":{"0":"post-48358","1":"product","2":"type-product","3":"status-publish","4":"has-post-thumbnail","6":"product_cat-anxiety","7":"product_cat-french","8":"product_cat-testimonial","9":"product_cat-text","11":"first","12":"instock","13":"shipping-taxable","14":"product-type-simple"},"jetpack_sharing_enabled":true,"_links":{"self":[{"href":"https:\/\/edyka.org\/en\/wp-json\/wp\/v2\/product\/48358","targetHints":{"allow":["GET"]}}],"collection":[{"href":"https:\/\/edyka.org\/en\/wp-json\/wp\/v2\/product"}],"about":[{"href":"https:\/\/edyka.org\/en\/wp-json\/wp\/v2\/types\/product"}],"wp:featuredmedia":[{"embeddable":true,"href":"https:\/\/edyka.org\/en\/wp-json\/wp\/v2\/media\/22572"}],"wp:attachment":[{"href":"https:\/\/edyka.org\/en\/wp-json\/wp\/v2\/media?parent=48358"}],"wp:term":[{"taxonomy":"product_brand","embeddable":true,"href":"https:\/\/edyka.org\/en\/wp-json\/wp\/v2\/product_brand?post=48358"},{"taxonomy":"product_cat","embeddable":true,"href":"https:\/\/edyka.org\/en\/wp-json\/wp\/v2\/product_cat?post=48358"},{"taxonomy":"product_tag","embeddable":true,"href":"https:\/\/edyka.org\/en\/wp-json\/wp\/v2\/product_tag?post=48358"}],"curies":[{"name":"wp","href":"https:\/\/api.w.org\/{rel}","templated":true}]}}