{"id":48355,"date":"2025-07-22T10:33:02","date_gmt":"2025-07-22T14:33:02","guid":{"rendered":"https:\/\/edyka.org\/produit\/lassociation-edtech\/"},"modified":"2025-07-22T10:33:02","modified_gmt":"2025-07-22T14:33:02","slug":"lassociation-edtech","status":"publish","type":"product","link":"https:\/\/edyka.org\/en\/produit\/lassociation-edtech\/","title":{"rendered":"L\u2019association EdTech"},"content":{"rendered":"<p><a href=\"https:\/\/solidarite.edtechfrance.fr\/\" rel=\"nofollow\">https:\/\/solidarite.edtechfrance.fr\/<\/a><\/p>\n","protected":false},"excerpt":{"rendered":"<p>L\u2019association EdTech France a d\u00e9cid\u00e9 de mobiliser les entreprises de la fili\u00e8re du num\u00e9rique \u00e9ducatif pour apporter un soutien aux personnels enseignants et administratifs, aux familles, ainsi qu\u2019\u00e0 tous les apprenants. ont ainsi d\u00e9cid\u00e9 de mettre \u00e0 disposition \u2013 gratuitement et sans conditions \u2013 des ressources et outils num\u00e9riques \u00e0 destination des \u00e9tablissements, des enseignants, des familles et de tous les apprenants. Les offres sont pr\u00e9sent\u00e9es par cas d\u2019usage et par public concern\u00e9, tous niveaux<\/p>\n","protected":false},"featured_media":37654,"template":"","meta":[],"product_brand":[],"product_cat":[1081,1112,1075,1102],"product_tag":[1120],"class_list":{"0":"post-48355","1":"product","2":"type-product","3":"status-publish","4":"has-post-thumbnail","6":"product_cat-french","7":"product_cat-institutional","8":"product_cat-organization","9":"product_cat-tools","10":"product_tag-teachers","12":"first","13":"instock","14":"shipping-taxable","15":"product-type-simple"},"jetpack_sharing_enabled":true,"_links":{"self":[{"href":"https:\/\/edyka.org\/en\/wp-json\/wp\/v2\/product\/48355","targetHints":{"allow":["GET"]}}],"collection":[{"href":"https:\/\/edyka.org\/en\/wp-json\/wp\/v2\/product"}],"about":[{"href":"https:\/\/edyka.org\/en\/wp-json\/wp\/v2\/types\/product"}],"wp:featuredmedia":[{"embeddable":true,"href":"https:\/\/edyka.org\/en\/wp-json\/wp\/v2\/media\/37654"}],"wp:attachment":[{"href":"https:\/\/edyka.org\/en\/wp-json\/wp\/v2\/media?parent=48355"}],"wp:term":[{"taxonomy":"product_brand","embeddable":true,"href":"https:\/\/edyka.org\/en\/wp-json\/wp\/v2\/product_brand?post=48355"},{"taxonomy":"product_cat","embeddable":true,"href":"https:\/\/edyka.org\/en\/wp-json\/wp\/v2\/product_cat?post=48355"},{"taxonomy":"product_tag","embeddable":true,"href":"https:\/\/edyka.org\/en\/wp-json\/wp\/v2\/product_tag?post=48355"}],"curies":[{"name":"wp","href":"https:\/\/api.w.org\/{rel}","templated":true}]}}