{"id":48353,"date":"2025-07-22T10:33:03","date_gmt":"2025-07-22T14:33:03","guid":{"rendered":"https:\/\/edyka.org\/produit\/pythagore-je-tadore-suite-de-emc2-mon-amour\/"},"modified":"2026-04-10T23:18:48","modified_gmt":"2026-04-11T03:18:48","slug":"pythagore-je-tadore-suite-de-emc2-mon-amour","status":"publish","type":"product","link":"https:\/\/edyka.org\/en\/produit\/pythagore-je-tadore-suite-de-emc2-mon-amour\/","title":{"rendered":"Pythagore, je t\u2019adore (suite de \u00ab E=MC2, mon amour \u00bb)"},"content":{"rendered":"<p><a href=\"https:\/\/www.chapitre.com\/BOOK\/cauvin-patrick\/pythagore-je-t-adore-la-suite-de-e-mc2-mon-amour,1044274.aspx\" rel=\"nofollow\">https:\/\/www.chapitre.com\/BOOK\/cauvin-patrick\/pythagore-je-t-adore-la-suite-de-e-mc2-mon-amour,1044274.aspx<\/a><\/p>\n","protected":false},"excerpt":{"rendered":"<p>Elle \u00e9crivait des vers raciniens, il apprenait par c\u0153ur des dictionnaires de cin\u00e9ma. Elle, am\u00e9ricaine, fille d\u2019un patron de multinationale ; lui, vrai titi parisien, fils d\u2019un chauffeur de taxi. Ils avaient onze ans. Ils s\u2019aimaient.<\/p>\n","protected":false},"featured_media":27748,"template":"","meta":[],"product_brand":[],"product_cat":[1101,1081,1083,1076,1113],"product_tag":[],"class_list":{"0":"post-48353","1":"product","2":"type-product","3":"status-publish","4":"has-post-thumbnail","6":"product_cat-enrichment","7":"product_cat-french","8":"product_cat-giftedness","9":"product_cat-physical","10":"product_cat-youth","12":"first","13":"instock","14":"shipping-taxable","15":"product-type-simple"},"jetpack_sharing_enabled":true,"_links":{"self":[{"href":"https:\/\/edyka.org\/en\/wp-json\/wp\/v2\/product\/48353","targetHints":{"allow":["GET"]}}],"collection":[{"href":"https:\/\/edyka.org\/en\/wp-json\/wp\/v2\/product"}],"about":[{"href":"https:\/\/edyka.org\/en\/wp-json\/wp\/v2\/types\/product"}],"wp:featuredmedia":[{"embeddable":true,"href":"https:\/\/edyka.org\/en\/wp-json\/wp\/v2\/media\/27748"}],"wp:attachment":[{"href":"https:\/\/edyka.org\/en\/wp-json\/wp\/v2\/media?parent=48353"}],"wp:term":[{"taxonomy":"product_brand","embeddable":true,"href":"https:\/\/edyka.org\/en\/wp-json\/wp\/v2\/product_brand?post=48353"},{"taxonomy":"product_cat","embeddable":true,"href":"https:\/\/edyka.org\/en\/wp-json\/wp\/v2\/product_cat?post=48353"},{"taxonomy":"product_tag","embeddable":true,"href":"https:\/\/edyka.org\/en\/wp-json\/wp\/v2\/product_tag?post=48353"}],"curies":[{"name":"wp","href":"https:\/\/api.w.org\/{rel}","templated":true}]}}