{"id":48346,"date":"2025-07-22T10:33:18","date_gmt":"2025-07-22T14:33:18","guid":{"rendered":"https:\/\/edyka.org\/produit\/grids\/"},"modified":"2025-07-22T10:33:18","modified_gmt":"2025-07-22T14:33:18","slug":"grids","status":"publish","type":"product","link":"https:\/\/edyka.org\/en\/produit\/grids\/","title":{"rendered":"Grids"},"content":{"rendered":"<p><a href=\"https:\/\/apps.apple.com\/fr\/app\/grid-ajouter-grille-sur-image\/id1033011034\" rel=\"nofollow\">https:\/\/apps.apple.com\/fr\/app\/grid-ajouter-grille-sur-image\/id1033011034<\/a><\/p>\n","protected":false},"excerpt":{"rendered":"<p>Il y a toujours des gens qui veulent ajouter des grilles aux images. C&#8217;est pourquoi cette application a \u00e9t\u00e9 d\u00e9velopp\u00e9e.<\/p>\n","protected":false},"featured_media":37666,"template":"","meta":[],"product_brand":[],"product_cat":[1080,1074,1097,1114,1113],"product_tag":[],"class_list":{"0":"post-48346","1":"product","2":"type-product","3":"status-publish","4":"has-post-thumbnail","6":"product_cat-english","7":"product_cat-interactive","8":"product_cat-learning","9":"product_cat-practical","10":"product_cat-youth","12":"first","13":"instock","14":"shipping-taxable","15":"product-type-simple"},"jetpack_sharing_enabled":true,"_links":{"self":[{"href":"https:\/\/edyka.org\/en\/wp-json\/wp\/v2\/product\/48346","targetHints":{"allow":["GET"]}}],"collection":[{"href":"https:\/\/edyka.org\/en\/wp-json\/wp\/v2\/product"}],"about":[{"href":"https:\/\/edyka.org\/en\/wp-json\/wp\/v2\/types\/product"}],"wp:featuredmedia":[{"embeddable":true,"href":"https:\/\/edyka.org\/en\/wp-json\/wp\/v2\/media\/37666"}],"wp:attachment":[{"href":"https:\/\/edyka.org\/en\/wp-json\/wp\/v2\/media?parent=48346"}],"wp:term":[{"taxonomy":"product_brand","embeddable":true,"href":"https:\/\/edyka.org\/en\/wp-json\/wp\/v2\/product_brand?post=48346"},{"taxonomy":"product_cat","embeddable":true,"href":"https:\/\/edyka.org\/en\/wp-json\/wp\/v2\/product_cat?post=48346"},{"taxonomy":"product_tag","embeddable":true,"href":"https:\/\/edyka.org\/en\/wp-json\/wp\/v2\/product_tag?post=48346"}],"curies":[{"name":"wp","href":"https:\/\/api.w.org\/{rel}","templated":true}]}}