{"id":48345,"date":"2025-07-22T10:33:18","date_gmt":"2025-07-22T14:33:18","guid":{"rendered":"https:\/\/edyka.org\/produit\/canal-autisme\/"},"modified":"2026-04-06T18:11:54","modified_gmt":"2026-04-06T22:11:54","slug":"canal-autisme","status":"publish","type":"product","link":"https:\/\/edyka.org\/en\/produit\/canal-autisme\/","title":{"rendered":"Canal Autisme"},"content":{"rendered":"<p><a href=\"http:\/\/www.canalautisme.com\/\" rel=\"nofollow\">http:\/\/www.canalautisme.com\/<\/a><\/p>\n","protected":false},"excerpt":{"rendered":"<p>L&#8217;association soutient les personnes autistes et leurs familles, de favoriser leur inclusion sociale et de sensibiliser le grand public \u00e0 l&#8217;autisme. Elle met en place des actions de pr\u00e9vention, d&#8217;accompagnement, de formation et d&#8217;information sur l&#8217;autisme. Elle a pour but de de favoriser l&#8217;acc\u00e8s aux soins, la scolarisation et l&#8217;insertion professionnelle des personnes autistes. Elle travaille \u00e9galement avec les professionnels de sant\u00e9, les \u00e9tablissements scolaires, les entreprises et les pouvoirs publics pour am\u00e9liorer la prise en charge des personnes autistes.<\/p>\n","protected":false},"featured_media":48923,"template":"","meta":[],"product_brand":[],"product_cat":[1087,1081,1112,1075],"product_tag":[1119],"class_list":{"0":"post-48345","1":"product","2":"type-product","3":"status-publish","4":"has-post-thumbnail","6":"product_cat-asd","7":"product_cat-french","8":"product_cat-institutional","9":"product_cat-organization","10":"product_tag-editors-pick","12":"first","13":"instock","14":"shipping-taxable","15":"product-type-simple"},"jetpack_sharing_enabled":true,"_links":{"self":[{"href":"https:\/\/edyka.org\/en\/wp-json\/wp\/v2\/product\/48345","targetHints":{"allow":["GET"]}}],"collection":[{"href":"https:\/\/edyka.org\/en\/wp-json\/wp\/v2\/product"}],"about":[{"href":"https:\/\/edyka.org\/en\/wp-json\/wp\/v2\/types\/product"}],"wp:featuredmedia":[{"embeddable":true,"href":"https:\/\/edyka.org\/en\/wp-json\/wp\/v2\/media\/48923"}],"wp:attachment":[{"href":"https:\/\/edyka.org\/en\/wp-json\/wp\/v2\/media?parent=48345"}],"wp:term":[{"taxonomy":"product_brand","embeddable":true,"href":"https:\/\/edyka.org\/en\/wp-json\/wp\/v2\/product_brand?post=48345"},{"taxonomy":"product_cat","embeddable":true,"href":"https:\/\/edyka.org\/en\/wp-json\/wp\/v2\/product_cat?post=48345"},{"taxonomy":"product_tag","embeddable":true,"href":"https:\/\/edyka.org\/en\/wp-json\/wp\/v2\/product_tag?post=48345"}],"curies":[{"name":"wp","href":"https:\/\/api.w.org\/{rel}","templated":true}]}}