{"id":48337,"date":"2025-07-22T10:33:21","date_gmt":"2025-07-22T14:33:21","guid":{"rendered":"https:\/\/edyka.org\/produit\/les-emotions\/"},"modified":"2025-07-22T10:33:21","modified_gmt":"2025-07-22T14:33:21","slug":"les-emotions","status":"publish","type":"product","link":"https:\/\/edyka.org\/en\/produit\/les-emotions\/","title":{"rendered":"Les \u00e9motions"},"content":{"rendered":"<p><a href=\"https:\/\/youtube.com\/watch?v=gKicMJzu3M0%3Frel%3D0\" rel=\"nofollow\">https:\/\/youtube.com\/watch?v=gKicMJzu3M0%3Frel%3D0<\/a><\/p>\n","protected":false},"excerpt":{"rendered":"<p>Nos s\u00e9ries mettent en sc\u00e8ne des filles pas cruches, des animaux infernaux, des exp\u00e9ditions polaires survolt\u00e9es et des aliens dans les oreilles\u2026<\/p>\n","protected":false},"featured_media":37674,"template":"","meta":[],"product_brand":[],"product_cat":[1081,1118,1096,1078,1113],"product_tag":[],"class_list":{"0":"post-48337","1":"product","2":"type-product","3":"status-publish","4":"has-post-thumbnail","6":"product_cat-french","7":"product_cat-popularization","8":"product_cat-sensory-disorders","9":"product_cat-video-en","10":"product_cat-youth","12":"first","13":"instock","14":"shipping-taxable","15":"product-type-simple"},"jetpack_sharing_enabled":true,"_links":{"self":[{"href":"https:\/\/edyka.org\/en\/wp-json\/wp\/v2\/product\/48337","targetHints":{"allow":["GET"]}}],"collection":[{"href":"https:\/\/edyka.org\/en\/wp-json\/wp\/v2\/product"}],"about":[{"href":"https:\/\/edyka.org\/en\/wp-json\/wp\/v2\/types\/product"}],"wp:featuredmedia":[{"embeddable":true,"href":"https:\/\/edyka.org\/en\/wp-json\/wp\/v2\/media\/37674"}],"wp:attachment":[{"href":"https:\/\/edyka.org\/en\/wp-json\/wp\/v2\/media?parent=48337"}],"wp:term":[{"taxonomy":"product_brand","embeddable":true,"href":"https:\/\/edyka.org\/en\/wp-json\/wp\/v2\/product_brand?post=48337"},{"taxonomy":"product_cat","embeddable":true,"href":"https:\/\/edyka.org\/en\/wp-json\/wp\/v2\/product_cat?post=48337"},{"taxonomy":"product_tag","embeddable":true,"href":"https:\/\/edyka.org\/en\/wp-json\/wp\/v2\/product_tag?post=48337"}],"curies":[{"name":"wp","href":"https:\/\/api.w.org\/{rel}","templated":true}]}}