{"id":48333,"date":"2025-07-22T10:33:22","date_gmt":"2025-07-22T14:33:22","guid":{"rendered":"https:\/\/edyka.org\/produit\/application-dexteria-binarylabs\/"},"modified":"2025-07-22T10:33:22","modified_gmt":"2025-07-22T14:33:22","slug":"application-dexteria-binarylabs","status":"publish","type":"product","link":"https:\/\/edyka.org\/en\/produit\/application-dexteria-binarylabs\/","title":{"rendered":"Application &#8220;Dexteria&#8221;, BinaryLabs"},"content":{"rendered":"<p><a href=\"https:\/\/www.dexteria.net\/\" rel=\"nofollow\">https:\/\/www.dexteria.net\/<\/a><\/p>\n","protected":false},"excerpt":{"rendered":"<p>Dexteria est une application interactive con\u00e7ue pour am\u00e9liorer la coordination motrice fine chez les enfants. Elle propose une vari\u00e9t\u00e9 d&#8217;exercices et de jeux qui ciblent sp\u00e9cifiquement le d\u00e9veloppement des comp\u00e9tences motrices des mains et des doigts. <\/p>\n","protected":false},"featured_media":37662,"template":"","meta":[],"product_brand":[],"product_cat":[1080,1074,1100,1114],"product_tag":[],"class_list":{"0":"post-48333","1":"product","2":"type-product","3":"status-publish","4":"has-post-thumbnail","6":"product_cat-english","7":"product_cat-interactive","8":"product_cat-motor-coordination","9":"product_cat-practical","11":"first","12":"instock","13":"shipping-taxable","14":"product-type-simple"},"jetpack_sharing_enabled":true,"_links":{"self":[{"href":"https:\/\/edyka.org\/en\/wp-json\/wp\/v2\/product\/48333","targetHints":{"allow":["GET"]}}],"collection":[{"href":"https:\/\/edyka.org\/en\/wp-json\/wp\/v2\/product"}],"about":[{"href":"https:\/\/edyka.org\/en\/wp-json\/wp\/v2\/types\/product"}],"wp:featuredmedia":[{"embeddable":true,"href":"https:\/\/edyka.org\/en\/wp-json\/wp\/v2\/media\/37662"}],"wp:attachment":[{"href":"https:\/\/edyka.org\/en\/wp-json\/wp\/v2\/media?parent=48333"}],"wp:term":[{"taxonomy":"product_brand","embeddable":true,"href":"https:\/\/edyka.org\/en\/wp-json\/wp\/v2\/product_brand?post=48333"},{"taxonomy":"product_cat","embeddable":true,"href":"https:\/\/edyka.org\/en\/wp-json\/wp\/v2\/product_cat?post=48333"},{"taxonomy":"product_tag","embeddable":true,"href":"https:\/\/edyka.org\/en\/wp-json\/wp\/v2\/product_tag?post=48333"}],"curies":[{"name":"wp","href":"https:\/\/api.w.org\/{rel}","templated":true}]}}