{"id":48331,"date":"2025-07-22T10:33:23","date_gmt":"2025-07-22T14:33:23","guid":{"rendered":"https:\/\/edyka.org\/produit\/pourquoi-les-bus-arrivent-ils-toujours-par-trois\/"},"modified":"2025-07-22T10:33:23","modified_gmt":"2025-07-22T14:33:23","slug":"pourquoi-les-bus-arrivent-ils-toujours-par-trois","status":"publish","type":"product","link":"https:\/\/edyka.org\/en\/produit\/pourquoi-les-bus-arrivent-ils-toujours-par-trois\/","title":{"rendered":"Pourquoi les bus arrivent-ils toujours par trois ?"},"content":{"rendered":"<p><a href=\"https:\/\/editions.flammarion.com\/pourquoi-les-bus-arrivent-ils-toujours-par-trois\/9782080681003\" rel=\"nofollow\">https:\/\/editions.flammarion.com\/pourquoi-les-bus-arrivent-ils-toujours-par-trois\/9782080681003<\/a><\/p>\n","protected":false},"excerpt":{"rendered":"<p>Vous trouverez les r\u00e9ponses \u00e0 ces questions existentielles et \u00e0 beaucoup d&#8217;autres dans ce livre, riche en illustrations cocasses, qui m\u00eale intelligemment humour et d\u00e9couverte.\u00a0<\/p>\n","protected":false},"featured_media":22472,"template":"","meta":[],"product_brand":[],"product_cat":[1101,1081,1083,1077,1113],"product_tag":[],"class_list":{"0":"post-48331","1":"product","2":"type-product","3":"status-publish","4":"has-post-thumbnail","6":"product_cat-enrichment","7":"product_cat-french","8":"product_cat-giftedness","9":"product_cat-text","10":"product_cat-youth","12":"first","13":"instock","14":"shipping-taxable","15":"product-type-simple"},"jetpack_sharing_enabled":true,"_links":{"self":[{"href":"https:\/\/edyka.org\/en\/wp-json\/wp\/v2\/product\/48331","targetHints":{"allow":["GET"]}}],"collection":[{"href":"https:\/\/edyka.org\/en\/wp-json\/wp\/v2\/product"}],"about":[{"href":"https:\/\/edyka.org\/en\/wp-json\/wp\/v2\/types\/product"}],"version-history":[{"count":0,"href":"https:\/\/edyka.org\/en\/wp-json\/wp\/v2\/product\/48331\/revisions"}],"wp:featuredmedia":[{"embeddable":true,"href":"https:\/\/edyka.org\/en\/wp-json\/wp\/v2\/media\/22472"}],"wp:attachment":[{"href":"https:\/\/edyka.org\/en\/wp-json\/wp\/v2\/media?parent=48331"}],"wp:term":[{"taxonomy":"product_brand","embeddable":true,"href":"https:\/\/edyka.org\/en\/wp-json\/wp\/v2\/product_brand?post=48331"},{"taxonomy":"product_cat","embeddable":true,"href":"https:\/\/edyka.org\/en\/wp-json\/wp\/v2\/product_cat?post=48331"},{"taxonomy":"product_tag","embeddable":true,"href":"https:\/\/edyka.org\/en\/wp-json\/wp\/v2\/product_tag?post=48331"}],"curies":[{"name":"wp","href":"https:\/\/api.w.org\/{rel}","templated":true}]}}