{"id":48330,"date":"2025-07-22T10:33:23","date_gmt":"2025-07-22T14:33:23","guid":{"rendered":"https:\/\/edyka.org\/produit\/google-docs-avec-la-fonctionnalite-de-dictee-vocale\/"},"modified":"2025-07-22T10:33:23","modified_gmt":"2025-07-22T14:33:23","slug":"google-docs-avec-la-fonctionnalite-de-dictee-vocale","status":"publish","type":"product","link":"https:\/\/edyka.org\/en\/produit\/google-docs-avec-la-fonctionnalite-de-dictee-vocale\/","title":{"rendered":"Google Docs avec la fonctionnalit\u00e9 de dict\u00e9e vocale"},"content":{"rendered":"<p><a href=\"https:\/\/support.google.com\/docs\/answer\/4492226?hl=fr\" rel=\"nofollow\">https:\/\/support.google.com\/docs\/answer\/4492226?hl=fr<\/a><\/p>\n","protected":false},"excerpt":{"rendered":"<p>Google Docs est une solution gratuite et conviviale pour la reconnaissance vocale. En utilisant la fonctionnalit\u00e9 de dict\u00e9e vocale int\u00e9gr\u00e9e, les enfants peuvent parler dans un microphone et voir leurs paroles converties en texte en temps r\u00e9el. C&#8217;est une option pratique et facile \u00e0 utiliser, accessible \u00e0 partir de n&#8217;importe quel appareil connect\u00e9 \u00e0 Internet.<\/p>\n","protected":false},"featured_media":33736,"template":"","meta":[],"product_brand":[],"product_cat":[1115,1080,1081,1074,1097,1114],"product_tag":[],"class_list":{"0":"post-48330","1":"product","2":"type-product","3":"status-publish","4":"has-post-thumbnail","6":"product_cat-educational","7":"product_cat-english","8":"product_cat-french","9":"product_cat-interactive","10":"product_cat-learning","11":"product_cat-practical","13":"first","14":"instock","15":"shipping-taxable","16":"product-type-simple"},"jetpack_sharing_enabled":true,"_links":{"self":[{"href":"https:\/\/edyka.org\/en\/wp-json\/wp\/v2\/product\/48330","targetHints":{"allow":["GET"]}}],"collection":[{"href":"https:\/\/edyka.org\/en\/wp-json\/wp\/v2\/product"}],"about":[{"href":"https:\/\/edyka.org\/en\/wp-json\/wp\/v2\/types\/product"}],"wp:featuredmedia":[{"embeddable":true,"href":"https:\/\/edyka.org\/en\/wp-json\/wp\/v2\/media\/33736"}],"wp:attachment":[{"href":"https:\/\/edyka.org\/en\/wp-json\/wp\/v2\/media?parent=48330"}],"wp:term":[{"taxonomy":"product_brand","embeddable":true,"href":"https:\/\/edyka.org\/en\/wp-json\/wp\/v2\/product_brand?post=48330"},{"taxonomy":"product_cat","embeddable":true,"href":"https:\/\/edyka.org\/en\/wp-json\/wp\/v2\/product_cat?post=48330"},{"taxonomy":"product_tag","embeddable":true,"href":"https:\/\/edyka.org\/en\/wp-json\/wp\/v2\/product_tag?post=48330"}],"curies":[{"name":"wp","href":"https:\/\/api.w.org\/{rel}","templated":true}]}}