{"id":48323,"date":"2025-07-22T10:33:40","date_gmt":"2025-07-22T14:33:40","guid":{"rendered":"https:\/\/edyka.org\/produit\/comment-fonctionne-la-synethesie\/"},"modified":"2025-07-22T10:33:40","modified_gmt":"2025-07-22T14:33:40","slug":"comment-fonctionne-la-synethesie","status":"publish","type":"product","link":"https:\/\/edyka.org\/en\/produit\/comment-fonctionne-la-synethesie\/","title":{"rendered":"Comment fonctionne la syneth\u00e9sie?"},"content":{"rendered":"<p><iframe title=\"Comment fonctionne la synesth\u00e9sie ?\" width=\"1200\" height=\"675\" src=\"https:\/\/www.youtube.com\/embed\/etAd0CTDdoM?feature=oembed\" frameborder=\"0\" allow=\"accelerometer; autoplay; clipboard-write; encrypted-media; gyroscope; picture-in-picture; web-share\" referrerpolicy=\"strict-origin-when-cross-origin\" allowfullscreen><\/iframe><\/p>\n","protected":false},"excerpt":{"rendered":"<p>Vid\u00e9o qui nous explique comment la synesth\u00e9sir fonctionne pour les 2 personnes pr\u00e9sentes car la synesth\u00e9sie est peu connue, C&#8217;est une affection neurologique caract\u00e9ris\u00e9e par l\u2019int\u00e9gration d\u2019informations multisensorielles dans des formats qui ne sont pas courants.<\/p>\n","protected":false},"featured_media":37674,"template":"","meta":[],"product_brand":[],"product_cat":[1081,1118,1096,1078],"product_tag":[],"class_list":{"0":"post-48323","1":"product","2":"type-product","3":"status-publish","4":"has-post-thumbnail","6":"product_cat-french","7":"product_cat-popularization","8":"product_cat-sensory-disorders","9":"product_cat-video-en","11":"first","12":"instock","13":"shipping-taxable","14":"product-type-simple"},"jetpack_sharing_enabled":true,"_links":{"self":[{"href":"https:\/\/edyka.org\/en\/wp-json\/wp\/v2\/product\/48323","targetHints":{"allow":["GET"]}}],"collection":[{"href":"https:\/\/edyka.org\/en\/wp-json\/wp\/v2\/product"}],"about":[{"href":"https:\/\/edyka.org\/en\/wp-json\/wp\/v2\/types\/product"}],"version-history":[{"count":0,"href":"https:\/\/edyka.org\/en\/wp-json\/wp\/v2\/product\/48323\/revisions"}],"wp:featuredmedia":[{"embeddable":true,"href":"https:\/\/edyka.org\/en\/wp-json\/wp\/v2\/media\/37674"}],"wp:attachment":[{"href":"https:\/\/edyka.org\/en\/wp-json\/wp\/v2\/media?parent=48323"}],"wp:term":[{"taxonomy":"product_brand","embeddable":true,"href":"https:\/\/edyka.org\/en\/wp-json\/wp\/v2\/product_brand?post=48323"},{"taxonomy":"product_cat","embeddable":true,"href":"https:\/\/edyka.org\/en\/wp-json\/wp\/v2\/product_cat?post=48323"},{"taxonomy":"product_tag","embeddable":true,"href":"https:\/\/edyka.org\/en\/wp-json\/wp\/v2\/product_tag?post=48323"}],"curies":[{"name":"wp","href":"https:\/\/api.w.org\/{rel}","templated":true}]}}