{"id":48322,"date":"2025-07-22T10:33:40","date_gmt":"2025-07-22T14:33:40","guid":{"rendered":"https:\/\/edyka.org\/produit\/la-deesse-des-petites-victoires\/"},"modified":"2026-04-10T23:17:14","modified_gmt":"2026-04-11T03:17:14","slug":"la-deesse-des-petites-victoires","status":"publish","type":"product","link":"https:\/\/edyka.org\/en\/produit\/la-deesse-des-petites-victoires\/","title":{"rendered":"La d\u00e9esse des petites victoires"},"content":{"rendered":"<p><a href=\"https:\/\/www.leslibraires.ca\/Livre\/la-deesse-des-petites-victoires-yannick-grannec-9782843377754.html\" rel=\"nofollow\">https:\/\/www.leslibraires.ca\/Livre\/la-deesse-des-petites-victoires-yannick-grannec-9782843377754.html<\/a><\/p>\n","protected":false},"excerpt":{"rendered":"<p>1980. Deux ans apr\u00e8s la mort de Kurt G\u00f6del, l&#8217;un des plus grands math\u00e9maticiens du si\u00e8cle, ses archives dorment encore dans des cartons. De la Vienne des ann\u00e9es folles \u00e0 l&#8217;Am\u00e9rique maccarthyste, Ad\u00e8le G\u00f6del narre une histoire d&#8217;amour jalonn\u00e9e de petites victoires \u2013 sur les pr\u00e9jug\u00e9s, l&#8217;horreur nazie, la folie inh\u00e9rente au g\u00e9nie&#8230;<\/p>\n","protected":false},"featured_media":27702,"template":"","meta":[],"product_brand":[],"product_cat":[1101,1081,1083,1077,1113],"product_tag":[],"class_list":{"0":"post-48322","1":"product","2":"type-product","3":"status-publish","4":"has-post-thumbnail","6":"product_cat-enrichment","7":"product_cat-french","8":"product_cat-giftedness","9":"product_cat-text","10":"product_cat-youth","12":"first","13":"instock","14":"shipping-taxable","15":"product-type-simple"},"jetpack_sharing_enabled":true,"_links":{"self":[{"href":"https:\/\/edyka.org\/en\/wp-json\/wp\/v2\/product\/48322","targetHints":{"allow":["GET"]}}],"collection":[{"href":"https:\/\/edyka.org\/en\/wp-json\/wp\/v2\/product"}],"about":[{"href":"https:\/\/edyka.org\/en\/wp-json\/wp\/v2\/types\/product"}],"wp:featuredmedia":[{"embeddable":true,"href":"https:\/\/edyka.org\/en\/wp-json\/wp\/v2\/media\/27702"}],"wp:attachment":[{"href":"https:\/\/edyka.org\/en\/wp-json\/wp\/v2\/media?parent=48322"}],"wp:term":[{"taxonomy":"product_brand","embeddable":true,"href":"https:\/\/edyka.org\/en\/wp-json\/wp\/v2\/product_brand?post=48322"},{"taxonomy":"product_cat","embeddable":true,"href":"https:\/\/edyka.org\/en\/wp-json\/wp\/v2\/product_cat?post=48322"},{"taxonomy":"product_tag","embeddable":true,"href":"https:\/\/edyka.org\/en\/wp-json\/wp\/v2\/product_tag?post=48322"}],"curies":[{"name":"wp","href":"https:\/\/api.w.org\/{rel}","templated":true}]}}