{"id":48321,"date":"2025-07-22T10:33:41","date_gmt":"2025-07-22T14:33:41","guid":{"rendered":"https:\/\/edyka.org\/produit\/sherlock-holmes\/"},"modified":"2026-04-10T23:16:44","modified_gmt":"2026-04-11T03:16:44","slug":"sherlock-holmes","status":"publish","type":"product","link":"https:\/\/edyka.org\/en\/produit\/sherlock-holmes\/","title":{"rendered":"Sherlock Holmes"},"content":{"rendered":"<p><a href=\"https:\/\/fr.wikipedia.org\/wiki\/Sherlock_Holmes\" rel=\"nofollow\">https:\/\/fr.wikipedia.org\/wiki\/Sherlock_Holmes<\/a><\/p>\n","protected":false},"excerpt":{"rendered":"<p>Revendiquant la fonction particuli\u00e8re de \u00ab d\u00e9tective priv\u00e9 consultant \u00bb5, il est dot\u00e9 d&#8217;une m\u00e9moire remarquable pour tout ce qui peut l&#8217;aider \u00e0 r\u00e9soudre des crimes en g\u00e9n\u00e9ral, ainsi que d&#8217;une capacit\u00e9 de d\u00e9duction hors du commun<\/p>\n","protected":false},"featured_media":27688,"template":"","meta":[],"product_brand":[],"product_cat":[1080,1101,1081,1083,1077,1113],"product_tag":[],"class_list":{"0":"post-48321","1":"product","2":"type-product","3":"status-publish","4":"has-post-thumbnail","6":"product_cat-english","7":"product_cat-enrichment","8":"product_cat-french","9":"product_cat-giftedness","10":"product_cat-text","11":"product_cat-youth","13":"first","14":"instock","15":"shipping-taxable","16":"product-type-simple"},"jetpack_sharing_enabled":true,"_links":{"self":[{"href":"https:\/\/edyka.org\/en\/wp-json\/wp\/v2\/product\/48321","targetHints":{"allow":["GET"]}}],"collection":[{"href":"https:\/\/edyka.org\/en\/wp-json\/wp\/v2\/product"}],"about":[{"href":"https:\/\/edyka.org\/en\/wp-json\/wp\/v2\/types\/product"}],"wp:featuredmedia":[{"embeddable":true,"href":"https:\/\/edyka.org\/en\/wp-json\/wp\/v2\/media\/27688"}],"wp:attachment":[{"href":"https:\/\/edyka.org\/en\/wp-json\/wp\/v2\/media?parent=48321"}],"wp:term":[{"taxonomy":"product_brand","embeddable":true,"href":"https:\/\/edyka.org\/en\/wp-json\/wp\/v2\/product_brand?post=48321"},{"taxonomy":"product_cat","embeddable":true,"href":"https:\/\/edyka.org\/en\/wp-json\/wp\/v2\/product_cat?post=48321"},{"taxonomy":"product_tag","embeddable":true,"href":"https:\/\/edyka.org\/en\/wp-json\/wp\/v2\/product_tag?post=48321"}],"curies":[{"name":"wp","href":"https:\/\/api.w.org\/{rel}","templated":true}]}}