{"id":48319,"date":"2025-07-22T10:33:45","date_gmt":"2025-07-22T14:33:45","guid":{"rendered":"https:\/\/edyka.org\/produit\/collection-mine-de-rien\/"},"modified":"2025-07-22T10:33:45","modified_gmt":"2025-07-22T14:33:45","slug":"collection-mine-de-rien","status":"publish","type":"product","link":"https:\/\/edyka.org\/en\/produit\/collection-mine-de-rien\/","title":{"rendered":"Collection Mine de rien"},"content":{"rendered":"<p><a href=\"https:\/\/livre.fnac.com\/a12877003\/Catherine-Dolto-Les-emotions-et-les-sentiments\" rel=\"nofollow\">https:\/\/livre.fnac.com\/a12877003\/Catherine-Dolto-Les-emotions-et-les-sentiments<\/a><\/p>\n","protected":false},"excerpt":{"rendered":"<p>Mine de rien, quand on comprend mieux, on grandit mieux ! Le docteur Catherine Dolto permet d&#8217;apporter des r\u00e9ponses aux questions que posent les enfants sur des th\u00e8mes comme la famille, vivre ensemble ou le corps et la sant\u00e9.<\/p>\n","protected":false},"featured_media":37670,"template":"","meta":[],"product_brand":[],"product_cat":[1081,1108,1077,1113],"product_tag":[],"class_list":{"0":"post-48319","1":"product","2":"type-product","3":"status-publish","4":"has-post-thumbnail","6":"product_cat-french","7":"product_cat-social-skills","8":"product_cat-text","9":"product_cat-youth","11":"first","12":"instock","13":"shipping-taxable","14":"product-type-simple"},"jetpack_sharing_enabled":true,"_links":{"self":[{"href":"https:\/\/edyka.org\/en\/wp-json\/wp\/v2\/product\/48319","targetHints":{"allow":["GET"]}}],"collection":[{"href":"https:\/\/edyka.org\/en\/wp-json\/wp\/v2\/product"}],"about":[{"href":"https:\/\/edyka.org\/en\/wp-json\/wp\/v2\/types\/product"}],"wp:featuredmedia":[{"embeddable":true,"href":"https:\/\/edyka.org\/en\/wp-json\/wp\/v2\/media\/37670"}],"wp:attachment":[{"href":"https:\/\/edyka.org\/en\/wp-json\/wp\/v2\/media?parent=48319"}],"wp:term":[{"taxonomy":"product_brand","embeddable":true,"href":"https:\/\/edyka.org\/en\/wp-json\/wp\/v2\/product_brand?post=48319"},{"taxonomy":"product_cat","embeddable":true,"href":"https:\/\/edyka.org\/en\/wp-json\/wp\/v2\/product_cat?post=48319"},{"taxonomy":"product_tag","embeddable":true,"href":"https:\/\/edyka.org\/en\/wp-json\/wp\/v2\/product_tag?post=48319"}],"curies":[{"name":"wp","href":"https:\/\/api.w.org\/{rel}","templated":true}]}}