{"id":48312,"date":"2025-07-22T10:33:48","date_gmt":"2025-07-22T14:33:48","guid":{"rendered":"https:\/\/edyka.org\/produit\/la-roue-des-emotions\/"},"modified":"2025-07-22T10:33:48","modified_gmt":"2025-07-22T14:33:48","slug":"la-roue-des-emotions","status":"publish","type":"product","link":"https:\/\/edyka.org\/en\/produit\/la-roue-des-emotions\/","title":{"rendered":"La roue des \u00e9motions"},"content":{"rendered":"<p><a href=\"https:\/\/www.mieuxenseigner.ca\/boutique\/index.php?route=product\/product&#038;product_id=62782\" rel=\"nofollow\">https:\/\/www.mieuxenseigner.ca\/boutique\/index.php?route=product\/product&#038;product_id=62782<\/a><\/p>\n","protected":false},"excerpt":{"rendered":"<p>La roue ou la ronde des \u00e9motions. Un outil inspir\u00e9 de la p\u00e9dagogie Montessori pour enseigner aux enfants les diff\u00e9rentes \u00e9motions.<\/p>\n","protected":false},"featured_media":37670,"template":"","meta":[],"product_brand":[],"product_cat":[1115,1081,1074,1114,1108],"product_tag":[],"class_list":{"0":"post-48312","1":"product","2":"type-product","3":"status-publish","4":"has-post-thumbnail","6":"product_cat-educational","7":"product_cat-french","8":"product_cat-interactive","9":"product_cat-practical","10":"product_cat-social-skills","12":"first","13":"instock","14":"shipping-taxable","15":"product-type-simple"},"jetpack_sharing_enabled":true,"_links":{"self":[{"href":"https:\/\/edyka.org\/en\/wp-json\/wp\/v2\/product\/48312","targetHints":{"allow":["GET"]}}],"collection":[{"href":"https:\/\/edyka.org\/en\/wp-json\/wp\/v2\/product"}],"about":[{"href":"https:\/\/edyka.org\/en\/wp-json\/wp\/v2\/types\/product"}],"wp:featuredmedia":[{"embeddable":true,"href":"https:\/\/edyka.org\/en\/wp-json\/wp\/v2\/media\/37670"}],"wp:attachment":[{"href":"https:\/\/edyka.org\/en\/wp-json\/wp\/v2\/media?parent=48312"}],"wp:term":[{"taxonomy":"product_brand","embeddable":true,"href":"https:\/\/edyka.org\/en\/wp-json\/wp\/v2\/product_brand?post=48312"},{"taxonomy":"product_cat","embeddable":true,"href":"https:\/\/edyka.org\/en\/wp-json\/wp\/v2\/product_cat?post=48312"},{"taxonomy":"product_tag","embeddable":true,"href":"https:\/\/edyka.org\/en\/wp-json\/wp\/v2\/product_tag?post=48312"}],"curies":[{"name":"wp","href":"https:\/\/api.w.org\/{rel}","templated":true}]}}