{"id":48311,"date":"2025-07-22T10:33:48","date_gmt":"2025-07-22T14:33:48","guid":{"rendered":"https:\/\/edyka.org\/produit\/khan-academy-2\/"},"modified":"2025-07-22T10:33:48","modified_gmt":"2025-07-22T14:33:48","slug":"khan-academy-2","status":"publish","type":"product","link":"https:\/\/edyka.org\/en\/produit\/khan-academy-2\/","title":{"rendered":"Khan Academy"},"content":{"rendered":"<p><a href=\"https:\/\/fr.khanacademy.org\/\" rel=\"nofollow\">https:\/\/fr.khanacademy.org\/<\/a><\/p>\n","protected":false},"excerpt":{"rendered":"<p>propose des contenus en math\u00e9matiques et en sciences-physique, chimie, sciences de la vie et de la terre, avec des milliers de vid\u00e9os et d&#8217;exercices gratuits en ligne. Khan Academy est une plateforme adapt\u00e9e en fran\u00e7ais par Biblioth\u00e8ques Sans Fronti\u00e8res qui donne acc\u00e8s \u00e0 un enseignement gratuit et de qualit\u00e9 pour tous du niveau primaire au niveau universitaire<\/p>\n","protected":false},"featured_media":37666,"template":"","meta":[],"product_brand":[],"product_cat":[1115,1081,1074,1097],"product_tag":[],"class_list":{"0":"post-48311","1":"product","2":"type-product","3":"status-publish","4":"has-post-thumbnail","6":"product_cat-educational","7":"product_cat-french","8":"product_cat-interactive","9":"product_cat-learning","11":"first","12":"instock","13":"shipping-taxable","14":"product-type-simple"},"jetpack_sharing_enabled":true,"_links":{"self":[{"href":"https:\/\/edyka.org\/en\/wp-json\/wp\/v2\/product\/48311","targetHints":{"allow":["GET"]}}],"collection":[{"href":"https:\/\/edyka.org\/en\/wp-json\/wp\/v2\/product"}],"about":[{"href":"https:\/\/edyka.org\/en\/wp-json\/wp\/v2\/types\/product"}],"wp:featuredmedia":[{"embeddable":true,"href":"https:\/\/edyka.org\/en\/wp-json\/wp\/v2\/media\/37666"}],"wp:attachment":[{"href":"https:\/\/edyka.org\/en\/wp-json\/wp\/v2\/media?parent=48311"}],"wp:term":[{"taxonomy":"product_brand","embeddable":true,"href":"https:\/\/edyka.org\/en\/wp-json\/wp\/v2\/product_brand?post=48311"},{"taxonomy":"product_cat","embeddable":true,"href":"https:\/\/edyka.org\/en\/wp-json\/wp\/v2\/product_cat?post=48311"},{"taxonomy":"product_tag","embeddable":true,"href":"https:\/\/edyka.org\/en\/wp-json\/wp\/v2\/product_tag?post=48311"}],"curies":[{"name":"wp","href":"https:\/\/api.w.org\/{rel}","templated":true}]}}