{"id":48306,"date":"2025-07-22T10:33:50","date_gmt":"2025-07-22T14:33:50","guid":{"rendered":"https:\/\/edyka.org\/produit\/comment-faire-des-cartes-mentales-pour-apprendre-des-cours\/"},"modified":"2025-07-22T10:33:50","modified_gmt":"2025-07-22T14:33:50","slug":"comment-faire-des-cartes-mentales-pour-apprendre-des-cours","status":"publish","type":"product","link":"https:\/\/edyka.org\/en\/produit\/comment-faire-des-cartes-mentales-pour-apprendre-des-cours\/","title":{"rendered":"Comment faire des Cartes Mentales pour Apprendre des Cours ?"},"content":{"rendered":"<p><iframe loading=\"lazy\" title=\"Comment faire des Cartes Mentales pour Apprendre des Cours ?\" width=\"1200\" height=\"675\" src=\"https:\/\/www.youtube.com\/embed\/mGWXkySpJ2I?feature=oembed\" frameborder=\"0\" allow=\"accelerometer; autoplay; clipboard-write; encrypted-media; gyroscope; picture-in-picture; web-share\" referrerpolicy=\"strict-origin-when-cross-origin\" allowfullscreen><\/iframe><\/p>\n","protected":false},"excerpt":{"rendered":"<p>Comment utiliser les cartes mentales pour apprendre les cours ? Voici un tuto mind map destin\u00e9 \u00e0 apprendre vite et bien m\u00e9moriser<\/p>\n","protected":false},"featured_media":37676,"template":"","meta":[],"product_brand":[],"product_cat":[1115,1081,1109,1114,1078],"product_tag":[],"class_list":{"0":"post-48306","1":"product","2":"type-product","3":"status-publish","4":"has-post-thumbnail","6":"product_cat-educational","7":"product_cat-french","8":"product_cat-organization-en","9":"product_cat-practical","10":"product_cat-video-en","12":"first","13":"instock","14":"shipping-taxable","15":"product-type-simple"},"jetpack_sharing_enabled":true,"_links":{"self":[{"href":"https:\/\/edyka.org\/en\/wp-json\/wp\/v2\/product\/48306","targetHints":{"allow":["GET"]}}],"collection":[{"href":"https:\/\/edyka.org\/en\/wp-json\/wp\/v2\/product"}],"about":[{"href":"https:\/\/edyka.org\/en\/wp-json\/wp\/v2\/types\/product"}],"wp:featuredmedia":[{"embeddable":true,"href":"https:\/\/edyka.org\/en\/wp-json\/wp\/v2\/media\/37676"}],"wp:attachment":[{"href":"https:\/\/edyka.org\/en\/wp-json\/wp\/v2\/media?parent=48306"}],"wp:term":[{"taxonomy":"product_brand","embeddable":true,"href":"https:\/\/edyka.org\/en\/wp-json\/wp\/v2\/product_brand?post=48306"},{"taxonomy":"product_cat","embeddable":true,"href":"https:\/\/edyka.org\/en\/wp-json\/wp\/v2\/product_cat?post=48306"},{"taxonomy":"product_tag","embeddable":true,"href":"https:\/\/edyka.org\/en\/wp-json\/wp\/v2\/product_tag?post=48306"}],"curies":[{"name":"wp","href":"https:\/\/api.w.org\/{rel}","templated":true}]}}