{"id":48296,"date":"2025-07-22T10:34:11","date_gmt":"2025-07-22T14:34:11","guid":{"rendered":"https:\/\/edyka.org\/produit\/collection-les-incorruptibles\/"},"modified":"2025-07-22T10:34:11","modified_gmt":"2025-07-22T14:34:11","slug":"collection-les-incorruptibles","status":"publish","type":"product","link":"https:\/\/edyka.org\/en\/produit\/collection-les-incorruptibles\/","title":{"rendered":"Collection &#8220;Les Incorruptibles"},"content":{"rendered":"<p><a href=\"https:\/\/www.circonflexe.fr\/catalogue\/selections\/selection-et-prix-des-incorruptibles-2\" rel=\"nofollow\">https:\/\/www.circonflexe.fr\/catalogue\/selections\/selection-et-prix-des-incorruptibles-2<\/a><\/p>\n","protected":false},"excerpt":{"rendered":"<p>s\u00e9lection de Livre adapt\u00e9s \u00e0 chaque niveau scolaire<\/p>\n","protected":false},"featured_media":34930,"template":"","meta":[],"product_brand":[],"product_cat":[1101,1081,1083,1077,1113],"product_tag":[],"class_list":{"0":"post-48296","1":"product","2":"type-product","3":"status-publish","4":"has-post-thumbnail","6":"product_cat-enrichment","7":"product_cat-french","8":"product_cat-giftedness","9":"product_cat-text","10":"product_cat-youth","12":"first","13":"instock","14":"shipping-taxable","15":"product-type-simple"},"jetpack_sharing_enabled":true,"_links":{"self":[{"href":"https:\/\/edyka.org\/en\/wp-json\/wp\/v2\/product\/48296","targetHints":{"allow":["GET"]}}],"collection":[{"href":"https:\/\/edyka.org\/en\/wp-json\/wp\/v2\/product"}],"about":[{"href":"https:\/\/edyka.org\/en\/wp-json\/wp\/v2\/types\/product"}],"wp:featuredmedia":[{"embeddable":true,"href":"https:\/\/edyka.org\/en\/wp-json\/wp\/v2\/media\/34930"}],"wp:attachment":[{"href":"https:\/\/edyka.org\/en\/wp-json\/wp\/v2\/media?parent=48296"}],"wp:term":[{"taxonomy":"product_brand","embeddable":true,"href":"https:\/\/edyka.org\/en\/wp-json\/wp\/v2\/product_brand?post=48296"},{"taxonomy":"product_cat","embeddable":true,"href":"https:\/\/edyka.org\/en\/wp-json\/wp\/v2\/product_cat?post=48296"},{"taxonomy":"product_tag","embeddable":true,"href":"https:\/\/edyka.org\/en\/wp-json\/wp\/v2\/product_tag?post=48296"}],"curies":[{"name":"wp","href":"https:\/\/api.w.org\/{rel}","templated":true}]}}