{"id":48293,"date":"2025-07-22T10:34:12","date_gmt":"2025-07-22T14:34:12","guid":{"rendered":"https:\/\/edyka.org\/produit\/projet-voltaire\/"},"modified":"2025-07-22T10:34:12","modified_gmt":"2025-07-22T14:34:12","slug":"projet-voltaire","status":"publish","type":"product","link":"https:\/\/edyka.org\/en\/produit\/projet-voltaire\/","title":{"rendered":"Projet Voltaire"},"content":{"rendered":"<blockquote class=\"wp-embedded-content\" data-secret=\"0bXTWbbsSC\"><p><a href=\"https:\/\/www.projet-voltaire.fr\/\" rel=\"nofollow noopener\" target=\"_blank\">Page d&rsquo;accueil<\/a><\/p><\/blockquote>\n<p><iframe loading=\"lazy\" class=\"wp-embedded-content\" sandbox=\"allow-scripts\" security=\"restricted\" style=\"position: absolute; visibility: hidden;\" title=\"\u00ab\u00a0Page d&rsquo;accueil\u00a0\u00bb &#8212; Projet Voltaire\" src=\"https:\/\/www.projet-voltaire.fr\/embed\/#?secret=WEElfRQ7vQ#?secret=0bXTWbbsSC\" data-secret=\"0bXTWbbsSC\" width=\"600\" height=\"338\" frameborder=\"0\" marginwidth=\"0\" marginheight=\"0\" scrolling=\"no\"><\/iframe><\/p>\n","protected":false},"excerpt":{"rendered":"<p>PROJET VOLTAIRE propose un acc\u00e8s gratuit \u00e0 l\u2019ensemble des modules d\u2019entra\u00eenement en ligne en orthographe et grammaire pendant la p\u00e9riode de fermeture des \u00e9tablissements. Niveau primaire, coll\u00e8ge, lyc\u00e9e, enseignement sup\u00e9rieur<\/p>\n","protected":false},"featured_media":37654,"template":"","meta":[],"product_brand":[],"product_cat":[1081,1097,1077,1113],"product_tag":[],"class_list":{"0":"post-48293","1":"product","2":"type-product","3":"status-publish","4":"has-post-thumbnail","6":"product_cat-french","7":"product_cat-learning","8":"product_cat-text","9":"product_cat-youth","11":"first","12":"instock","13":"shipping-taxable","14":"product-type-simple"},"jetpack_sharing_enabled":true,"_links":{"self":[{"href":"https:\/\/edyka.org\/en\/wp-json\/wp\/v2\/product\/48293","targetHints":{"allow":["GET"]}}],"collection":[{"href":"https:\/\/edyka.org\/en\/wp-json\/wp\/v2\/product"}],"about":[{"href":"https:\/\/edyka.org\/en\/wp-json\/wp\/v2\/types\/product"}],"wp:featuredmedia":[{"embeddable":true,"href":"https:\/\/edyka.org\/en\/wp-json\/wp\/v2\/media\/37654"}],"wp:attachment":[{"href":"https:\/\/edyka.org\/en\/wp-json\/wp\/v2\/media?parent=48293"}],"wp:term":[{"taxonomy":"product_brand","embeddable":true,"href":"https:\/\/edyka.org\/en\/wp-json\/wp\/v2\/product_brand?post=48293"},{"taxonomy":"product_cat","embeddable":true,"href":"https:\/\/edyka.org\/en\/wp-json\/wp\/v2\/product_cat?post=48293"},{"taxonomy":"product_tag","embeddable":true,"href":"https:\/\/edyka.org\/en\/wp-json\/wp\/v2\/product_tag?post=48293"}],"curies":[{"name":"wp","href":"https:\/\/api.w.org\/{rel}","templated":true}]}}