{"id":48288,"date":"2025-07-22T10:34:14","date_gmt":"2025-07-22T14:34:14","guid":{"rendered":"https:\/\/edyka.org\/produit\/les-aventures-de-doki\/"},"modified":"2025-07-22T10:34:14","modified_gmt":"2025-07-22T14:34:14","slug":"les-aventures-de-doki","status":"publish","type":"product","link":"https:\/\/edyka.org\/en\/produit\/les-aventures-de-doki\/","title":{"rendered":"Les aventures de Doki"},"content":{"rendered":"<p><iframe loading=\"lazy\" title=\"Doki - Doki And Ducki\" width=\"1200\" height=\"900\" src=\"https:\/\/www.youtube.com\/embed\/4sgHrjuqH3c?feature=oembed\" frameborder=\"0\" allow=\"accelerometer; autoplay; clipboard-write; encrypted-media; gyroscope; picture-in-picture; web-share\" referrerpolicy=\"strict-origin-when-cross-origin\" allowfullscreen><\/iframe><\/p>\n","protected":false},"excerpt":{"rendered":"<p>Doki est un curieux petit chien \u00e2g\u00e9 de sept ans, explorateur qui aime poser de nombreuses questions auxquelles il trouve des r\u00e9ponses lors de ses voyages \u00e0 travers le monde en compagnie de ses meilleurs amis Oto, Mundi, Fico Anabella et Gabi. Doki est un dessin anim\u00e9 utile pour apprendre l\u2019anglais, \u00e9mission \u00e9ducative et amusante. Doki est un programme id\u00e9al pour les enfants qui ont d\u00e9j\u00e0 une connaissance de la langue. <\/p>\n","protected":false},"featured_media":37654,"template":"","meta":[],"product_brand":[],"product_cat":[1080,1097,1078,1113],"product_tag":[],"class_list":{"0":"post-48288","1":"product","2":"type-product","3":"status-publish","4":"has-post-thumbnail","6":"product_cat-english","7":"product_cat-learning","8":"product_cat-video-en","9":"product_cat-youth","11":"first","12":"instock","13":"shipping-taxable","14":"product-type-simple"},"jetpack_sharing_enabled":true,"_links":{"self":[{"href":"https:\/\/edyka.org\/en\/wp-json\/wp\/v2\/product\/48288","targetHints":{"allow":["GET"]}}],"collection":[{"href":"https:\/\/edyka.org\/en\/wp-json\/wp\/v2\/product"}],"about":[{"href":"https:\/\/edyka.org\/en\/wp-json\/wp\/v2\/types\/product"}],"wp:featuredmedia":[{"embeddable":true,"href":"https:\/\/edyka.org\/en\/wp-json\/wp\/v2\/media\/37654"}],"wp:attachment":[{"href":"https:\/\/edyka.org\/en\/wp-json\/wp\/v2\/media?parent=48288"}],"wp:term":[{"taxonomy":"product_brand","embeddable":true,"href":"https:\/\/edyka.org\/en\/wp-json\/wp\/v2\/product_brand?post=48288"},{"taxonomy":"product_cat","embeddable":true,"href":"https:\/\/edyka.org\/en\/wp-json\/wp\/v2\/product_cat?post=48288"},{"taxonomy":"product_tag","embeddable":true,"href":"https:\/\/edyka.org\/en\/wp-json\/wp\/v2\/product_tag?post=48288"}],"curies":[{"name":"wp","href":"https:\/\/api.w.org\/{rel}","templated":true}]}}