{"id":48286,"date":"2025-07-22T10:34:14","date_gmt":"2025-07-22T14:34:14","guid":{"rendered":"https:\/\/edyka.org\/produit\/math-boggle\/"},"modified":"2025-07-22T10:34:14","modified_gmt":"2025-07-22T14:34:14","slug":"math-boggle","status":"publish","type":"product","link":"https:\/\/edyka.org\/en\/produit\/math-boggle\/","title":{"rendered":"Math Boggle"},"content":{"rendered":"<p><a href=\"https:\/\/www.geogebra.org\/m\/xre4utcw\" rel=\"nofollow\">https:\/\/www.geogebra.org\/m\/xre4utcw<\/a><\/p>\n","protected":false},"excerpt":{"rendered":"<p>Une version math\u00e9matique du jeu Boggle, o\u00f9 les joueurs doivent former des \u00e9quations math\u00e9matiques \u00e0 partir des nombres et des op\u00e9rations donn\u00e9s<\/p>\n","protected":false},"featured_media":37666,"template":"","meta":[],"product_brand":[],"product_cat":[1081,1097,1076,1114,1113],"product_tag":[],"class_list":{"0":"post-48286","1":"product","2":"type-product","3":"status-publish","4":"has-post-thumbnail","6":"product_cat-french","7":"product_cat-learning","8":"product_cat-physical","9":"product_cat-practical","10":"product_cat-youth","12":"first","13":"instock","14":"shipping-taxable","15":"product-type-simple"},"jetpack_sharing_enabled":true,"_links":{"self":[{"href":"https:\/\/edyka.org\/en\/wp-json\/wp\/v2\/product\/48286","targetHints":{"allow":["GET"]}}],"collection":[{"href":"https:\/\/edyka.org\/en\/wp-json\/wp\/v2\/product"}],"about":[{"href":"https:\/\/edyka.org\/en\/wp-json\/wp\/v2\/types\/product"}],"wp:featuredmedia":[{"embeddable":true,"href":"https:\/\/edyka.org\/en\/wp-json\/wp\/v2\/media\/37666"}],"wp:attachment":[{"href":"https:\/\/edyka.org\/en\/wp-json\/wp\/v2\/media?parent=48286"}],"wp:term":[{"taxonomy":"product_brand","embeddable":true,"href":"https:\/\/edyka.org\/en\/wp-json\/wp\/v2\/product_brand?post=48286"},{"taxonomy":"product_cat","embeddable":true,"href":"https:\/\/edyka.org\/en\/wp-json\/wp\/v2\/product_cat?post=48286"},{"taxonomy":"product_tag","embeddable":true,"href":"https:\/\/edyka.org\/en\/wp-json\/wp\/v2\/product_tag?post=48286"}],"curies":[{"name":"wp","href":"https:\/\/api.w.org\/{rel}","templated":true}]}}