{"id":48281,"date":"2025-07-22T10:34:21","date_gmt":"2025-07-22T14:34:21","guid":{"rendered":"https:\/\/edyka.org\/produit\/ma-lecture-facile-edition-hatier\/"},"modified":"2025-07-22T10:34:21","modified_gmt":"2025-07-22T14:34:21","slug":"ma-lecture-facile-edition-hatier","status":"publish","type":"product","link":"https:\/\/edyka.org\/en\/produit\/ma-lecture-facile-edition-hatier\/","title":{"rendered":"Ma lecture facile Edition Hatier"},"content":{"rendered":"<p><a href=\"https:\/\/www.editions-hatier.fr\/collection\/ma-lecture-facile-dys\" rel=\"nofollow\">https:\/\/www.editions-hatier.fr\/collection\/ma-lecture-facile-dys<\/a><\/p>\n","protected":false},"excerpt":{"rendered":"<p>Cette m\u00e9thode vise \u00e0 simplifier l&#8217;apprentissage de la lecture pour les enfants dyslexiques en utilisant des textes adapt\u00e9s \u00e0 leur niveau de compr\u00e9hension. Elle propose des supports visuels, des exercices interactifs et des activit\u00e9s ludiques pour renforcer les comp\u00e9tences en lecture. Ma lecture facile a \u00e9t\u00e9 con\u00e7ue en collaboration avec des orthophonistes et des enseignants sp\u00e9cialis\u00e9s.<\/p>\n","protected":false},"featured_media":34930,"template":"","meta":[],"product_brand":[],"product_cat":[1115,1081,1097,1077],"product_tag":[],"class_list":{"0":"post-48281","1":"product","2":"type-product","3":"status-publish","4":"has-post-thumbnail","6":"product_cat-educational","7":"product_cat-french","8":"product_cat-learning","9":"product_cat-text","11":"first","12":"instock","13":"shipping-taxable","14":"product-type-simple"},"jetpack_sharing_enabled":true,"_links":{"self":[{"href":"https:\/\/edyka.org\/en\/wp-json\/wp\/v2\/product\/48281","targetHints":{"allow":["GET"]}}],"collection":[{"href":"https:\/\/edyka.org\/en\/wp-json\/wp\/v2\/product"}],"about":[{"href":"https:\/\/edyka.org\/en\/wp-json\/wp\/v2\/types\/product"}],"wp:featuredmedia":[{"embeddable":true,"href":"https:\/\/edyka.org\/en\/wp-json\/wp\/v2\/media\/34930"}],"wp:attachment":[{"href":"https:\/\/edyka.org\/en\/wp-json\/wp\/v2\/media?parent=48281"}],"wp:term":[{"taxonomy":"product_brand","embeddable":true,"href":"https:\/\/edyka.org\/en\/wp-json\/wp\/v2\/product_brand?post=48281"},{"taxonomy":"product_cat","embeddable":true,"href":"https:\/\/edyka.org\/en\/wp-json\/wp\/v2\/product_cat?post=48281"},{"taxonomy":"product_tag","embeddable":true,"href":"https:\/\/edyka.org\/en\/wp-json\/wp\/v2\/product_tag?post=48281"}],"curies":[{"name":"wp","href":"https:\/\/api.w.org\/{rel}","templated":true}]}}