{"id":48279,"date":"2025-07-22T10:34:22","date_gmt":"2025-07-22T14:34:22","guid":{"rendered":"https:\/\/edyka.org\/produit\/les-gouters-philo\/"},"modified":"2025-07-22T10:34:22","modified_gmt":"2025-07-22T14:34:22","slug":"les-gouters-philo","status":"publish","type":"product","link":"https:\/\/edyka.org\/en\/produit\/les-gouters-philo\/","title":{"rendered":"Les go\u00fbters philo"},"content":{"rendered":"<p><a href=\"https:\/\/www.editionsmilan.com\/gouters-philo\/\" rel=\"nofollow\">https:\/\/www.editionsmilan.com\/gouters-philo\/<\/a><\/p>\n","protected":false},"excerpt":{"rendered":"<p>Pas de \u00ab pr\u00eat-\u00e0-penser \u00bb dans ces ouvrages qui n\u2019ont d\u2019autre but que de faire go\u00fbter aux lecteurs le plaisir de manier les id\u00e9es et de progresser dans la pens\u00e9e.<\/p>\n","protected":false},"featured_media":37660,"template":"","meta":[],"product_brand":[],"product_cat":[1101,1081,1083,1077,1113],"product_tag":[],"class_list":{"0":"post-48279","1":"product","2":"type-product","3":"status-publish","4":"has-post-thumbnail","6":"product_cat-enrichment","7":"product_cat-french","8":"product_cat-giftedness","9":"product_cat-text","10":"product_cat-youth","12":"first","13":"instock","14":"shipping-taxable","15":"product-type-simple"},"jetpack_sharing_enabled":true,"_links":{"self":[{"href":"https:\/\/edyka.org\/en\/wp-json\/wp\/v2\/product\/48279","targetHints":{"allow":["GET"]}}],"collection":[{"href":"https:\/\/edyka.org\/en\/wp-json\/wp\/v2\/product"}],"about":[{"href":"https:\/\/edyka.org\/en\/wp-json\/wp\/v2\/types\/product"}],"wp:featuredmedia":[{"embeddable":true,"href":"https:\/\/edyka.org\/en\/wp-json\/wp\/v2\/media\/37660"}],"wp:attachment":[{"href":"https:\/\/edyka.org\/en\/wp-json\/wp\/v2\/media?parent=48279"}],"wp:term":[{"taxonomy":"product_brand","embeddable":true,"href":"https:\/\/edyka.org\/en\/wp-json\/wp\/v2\/product_brand?post=48279"},{"taxonomy":"product_cat","embeddable":true,"href":"https:\/\/edyka.org\/en\/wp-json\/wp\/v2\/product_cat?post=48279"},{"taxonomy":"product_tag","embeddable":true,"href":"https:\/\/edyka.org\/en\/wp-json\/wp\/v2\/product_tag?post=48279"}],"curies":[{"name":"wp","href":"https:\/\/api.w.org\/{rel}","templated":true}]}}