{"id":48277,"date":"2025-07-22T10:34:22","date_gmt":"2025-07-22T14:34:22","guid":{"rendered":"https:\/\/edyka.org\/produit\/mastermind\/"},"modified":"2025-07-22T10:34:22","modified_gmt":"2025-07-22T14:34:22","slug":"mastermind","status":"publish","type":"product","link":"https:\/\/edyka.org\/en\/produit\/mastermind\/","title":{"rendered":"Mastermind"},"content":{"rendered":"<p><iframe loading=\"lazy\" title=\"Mastermind - Intelligence Game, Code Breaking Toy, Family Funny Puzzle Game - 8 Years +\" type=\"text\/html\" width=\"1200\" height=\"550\" frameborder=\"0\" allowfullscreen style=\"max-width:100%\" src=\"https:\/\/read.amazon.ca\/kp\/card?preview=inline&#038;linkCode=kpd&#038;ref_=k4w_oembed_y8nFAgxR9segUB&#038;asin=B0C6MVL3HR&#038;tag=kpembed-20\"><\/iframe><\/p>\n","protected":false},"excerpt":{"rendered":"<p>Un jeu de d\u00e9duction o\u00f9 les joueurs doivent deviner une combinaison de couleurs secr\u00e8te en utilisant des indices pour affiner leurs suppositions.<\/p>\n","protected":false},"featured_media":37666,"template":"","meta":[],"product_brand":[],"product_cat":[1080,1081,1097,1076,1114,1113],"product_tag":[],"class_list":{"0":"post-48277","1":"product","2":"type-product","3":"status-publish","4":"has-post-thumbnail","6":"product_cat-english","7":"product_cat-french","8":"product_cat-learning","9":"product_cat-physical","10":"product_cat-practical","11":"product_cat-youth","13":"first","14":"instock","15":"shipping-taxable","16":"product-type-simple"},"jetpack_sharing_enabled":true,"_links":{"self":[{"href":"https:\/\/edyka.org\/en\/wp-json\/wp\/v2\/product\/48277","targetHints":{"allow":["GET"]}}],"collection":[{"href":"https:\/\/edyka.org\/en\/wp-json\/wp\/v2\/product"}],"about":[{"href":"https:\/\/edyka.org\/en\/wp-json\/wp\/v2\/types\/product"}],"wp:featuredmedia":[{"embeddable":true,"href":"https:\/\/edyka.org\/en\/wp-json\/wp\/v2\/media\/37666"}],"wp:attachment":[{"href":"https:\/\/edyka.org\/en\/wp-json\/wp\/v2\/media?parent=48277"}],"wp:term":[{"taxonomy":"product_brand","embeddable":true,"href":"https:\/\/edyka.org\/en\/wp-json\/wp\/v2\/product_brand?post=48277"},{"taxonomy":"product_cat","embeddable":true,"href":"https:\/\/edyka.org\/en\/wp-json\/wp\/v2\/product_cat?post=48277"},{"taxonomy":"product_tag","embeddable":true,"href":"https:\/\/edyka.org\/en\/wp-json\/wp\/v2\/product_tag?post=48277"}],"curies":[{"name":"wp","href":"https:\/\/api.w.org\/{rel}","templated":true}]}}