{"id":48273,"date":"2025-07-22T10:34:39","date_gmt":"2025-07-22T14:34:39","guid":{"rendered":"https:\/\/edyka.org\/produit\/monsieur-je-sais-tout\/"},"modified":"2026-04-11T21:02:27","modified_gmt":"2026-04-12T01:02:27","slug":"monsieur-je-sais-tout","status":"publish","type":"product","link":"https:\/\/edyka.org\/en\/produit\/monsieur-je-sais-tout\/","title":{"rendered":"Monsieur je sais tout"},"content":{"rendered":"<p><iframe loading=\"lazy\" title=\"Monsieur je-sais-tout - Bande-Annonce\" width=\"1200\" height=\"675\" src=\"https:\/\/www.youtube.com\/embed\/Z0V5gjt4boQ?feature=oembed\" frameborder=\"0\" allow=\"accelerometer; autoplay; clipboard-write; encrypted-media; gyroscope; picture-in-picture; web-share\" referrerpolicy=\"strict-origin-when-cross-origin\" allowfullscreen><\/iframe><\/p>\n","protected":false},"excerpt":{"rendered":"<p>Le film qui narre les relations entre un enfant autiste Asperger et son oncle, entra\u00eeneur de football, est adapt\u00e9 du roman d&#8217;Alain Gillot, La Surface de r\u00e9paration<\/p>\n","protected":false},"featured_media":48893,"template":"","meta":[],"product_brand":[],"product_cat":[1081,1083,1078,1113],"product_tag":[],"class_list":{"0":"post-48273","1":"product","2":"type-product","3":"status-publish","4":"has-post-thumbnail","6":"product_cat-french","7":"product_cat-giftedness","8":"product_cat-video-en","9":"product_cat-youth","11":"first","12":"instock","13":"shipping-taxable","14":"product-type-simple"},"jetpack_sharing_enabled":true,"_links":{"self":[{"href":"https:\/\/edyka.org\/en\/wp-json\/wp\/v2\/product\/48273","targetHints":{"allow":["GET"]}}],"collection":[{"href":"https:\/\/edyka.org\/en\/wp-json\/wp\/v2\/product"}],"about":[{"href":"https:\/\/edyka.org\/en\/wp-json\/wp\/v2\/types\/product"}],"wp:featuredmedia":[{"embeddable":true,"href":"https:\/\/edyka.org\/en\/wp-json\/wp\/v2\/media\/48893"}],"wp:attachment":[{"href":"https:\/\/edyka.org\/en\/wp-json\/wp\/v2\/media?parent=48273"}],"wp:term":[{"taxonomy":"product_brand","embeddable":true,"href":"https:\/\/edyka.org\/en\/wp-json\/wp\/v2\/product_brand?post=48273"},{"taxonomy":"product_cat","embeddable":true,"href":"https:\/\/edyka.org\/en\/wp-json\/wp\/v2\/product_cat?post=48273"},{"taxonomy":"product_tag","embeddable":true,"href":"https:\/\/edyka.org\/en\/wp-json\/wp\/v2\/product_tag?post=48273"}],"curies":[{"name":"wp","href":"https:\/\/api.w.org\/{rel}","templated":true}]}}