{"id":48272,"date":"2025-07-22T10:34:39","date_gmt":"2025-07-22T14:34:39","guid":{"rendered":"https:\/\/edyka.org\/produit\/savoir-pour-guerir-les-troubles-du-comportement-chez-les-personnes-deficientes-intellectuelles\/"},"modified":"2025-07-22T10:34:39","modified_gmt":"2025-07-22T14:34:39","slug":"savoir-pour-guerir-les-troubles-du-comportement-chez-les-personnes-deficientes-intellectuelles","status":"publish","type":"product","link":"https:\/\/edyka.org\/en\/produit\/savoir-pour-guerir-les-troubles-du-comportement-chez-les-personnes-deficientes-intellectuelles\/","title":{"rendered":"Savoir pour gu\u00e9rir\u202f\u2013 Les troubles du comportement chez les personnes d\u00e9ficientes intellectuelles"},"content":{"rendered":"<p><a href=\"https:\/\/www.renaud-bray.com\/Livres_Produit.aspx?id=3019243&#038;def=Savoir+pour+gu%C3%A9rir+%3A+les+troubles+du+comportement+chez+les+personnes+d%C3%A9ficientes+intellectuelles%2CRICHARD%2C+CYRIELLE%2C9782340035249\" rel=\"nofollow\">https:\/\/www.renaud-bray.com\/Livres_Produit.aspx?id=3019243&#038;def=Savoir+pour+gu%C3%A9rir+%3A+les+troubles+du+comportement+chez+les+personnes+d%C3%A9ficientes+intellectuelles%2CRICHARD%2C+CYRIELLE%2C9782340035249<\/a> <\/p>\n","protected":false},"excerpt":{"rendered":"<p>&#8220;Savoir pour gu\u00e9rir \u2013 Les troubles du comportement chez les personnes d\u00e9ficientes intellectuelles&#8221; est un livre qui explique les diff\u00e9rents types de troubles du comportement qui peuvent survenir chez les personnes d\u00e9fficientes intellectuelles, comme l&#8217;agressivit\u00e9, l&#8217;automutilation, les cris, les crises, la passivit\u00e9, etc. Il d\u00e9crit les causes possibles de ces troubles, les facteurs de risque et les facteurs protecteurs. Il propose des solutions pour aider les personnes ayant une d\u00e9ficience intellectuelle \u00e0 surmonter ces troubles et \u00e0 am\u00e9liorer leur qualit\u00e9 de vie.<\/p>\n","protected":false},"featured_media":23643,"template":"","meta":[],"product_brand":[],"product_cat":[1081,1086,1076,1116],"product_tag":[],"class_list":{"0":"post-48272","1":"product","2":"type-product","3":"status-publish","4":"has-post-thumbnail","6":"product_cat-french","7":"product_cat-intellectual-disability","8":"product_cat-physical","9":"product_cat-scientific","11":"first","12":"instock","13":"shipping-taxable","14":"product-type-simple"},"jetpack_sharing_enabled":true,"_links":{"self":[{"href":"https:\/\/edyka.org\/en\/wp-json\/wp\/v2\/product\/48272","targetHints":{"allow":["GET"]}}],"collection":[{"href":"https:\/\/edyka.org\/en\/wp-json\/wp\/v2\/product"}],"about":[{"href":"https:\/\/edyka.org\/en\/wp-json\/wp\/v2\/types\/product"}],"wp:featuredmedia":[{"embeddable":true,"href":"https:\/\/edyka.org\/en\/wp-json\/wp\/v2\/media\/23643"}],"wp:attachment":[{"href":"https:\/\/edyka.org\/en\/wp-json\/wp\/v2\/media?parent=48272"}],"wp:term":[{"taxonomy":"product_brand","embeddable":true,"href":"https:\/\/edyka.org\/en\/wp-json\/wp\/v2\/product_brand?post=48272"},{"taxonomy":"product_cat","embeddable":true,"href":"https:\/\/edyka.org\/en\/wp-json\/wp\/v2\/product_cat?post=48272"},{"taxonomy":"product_tag","embeddable":true,"href":"https:\/\/edyka.org\/en\/wp-json\/wp\/v2\/product_tag?post=48272"}],"curies":[{"name":"wp","href":"https:\/\/api.w.org\/{rel}","templated":true}]}}