{"id":48265,"date":"2025-07-22T10:34:42","date_gmt":"2025-07-22T14:34:42","guid":{"rendered":"https:\/\/edyka.org\/produit\/videos-du-chu-sainte-justine\/"},"modified":"2025-07-22T10:34:42","modified_gmt":"2025-07-22T14:34:42","slug":"videos-du-chu-sainte-justine","status":"publish","type":"product","link":"https:\/\/edyka.org\/en\/produit\/videos-du-chu-sainte-justine\/","title":{"rendered":"Videos du CHU Sainte Justine"},"content":{"rendered":"<p><a href=\"https:\/\/www.youtube.com\/channel\/UCWWszMGZkDsHC4rMBaZ8IEA\" rel=\"nofollow\">https:\/\/www.youtube.com\/channel\/UCWWszMGZkDsHC4rMBaZ8IEA<\/a><\/p>\n","protected":false},"excerpt":{"rendered":"<p>CHU Sainte-Justine a \u00e0 c\u0153ur d&#8217;am\u00e9liorer la sant\u00e9 des enfants, des adolescents et des m\u00e8res du Qu\u00e9bec. Cette mission se concr\u00e9tise tous les jours par l&#8217;expertise des soins prodigu\u00e9s \u00e0 nos patients et des nouvelles avanc\u00e9es en recherche, repoussant ainsi les limites de l&#8217;excellence. D\u00e9couvrez l\u2019engagement du CHU Sainte-Justine pour la sant\u00e9 et le bien-\u00eatre des familles du Qu\u00e9bec : chusj.org<\/p>\n","protected":false},"featured_media":19292,"template":"","meta":[],"product_brand":[],"product_cat":[1081,1084,1116,1078],"product_tag":[],"class_list":{"0":"post-48265","1":"product","2":"type-product","3":"status-publish","4":"has-post-thumbnail","6":"product_cat-french","7":"product_cat-neurodiversity-en","8":"product_cat-scientific","9":"product_cat-video-en","11":"first","12":"instock","13":"shipping-taxable","14":"product-type-simple"},"jetpack_sharing_enabled":true,"_links":{"self":[{"href":"https:\/\/edyka.org\/en\/wp-json\/wp\/v2\/product\/48265","targetHints":{"allow":["GET"]}}],"collection":[{"href":"https:\/\/edyka.org\/en\/wp-json\/wp\/v2\/product"}],"about":[{"href":"https:\/\/edyka.org\/en\/wp-json\/wp\/v2\/types\/product"}],"wp:featuredmedia":[{"embeddable":true,"href":"https:\/\/edyka.org\/en\/wp-json\/wp\/v2\/media\/19292"}],"wp:attachment":[{"href":"https:\/\/edyka.org\/en\/wp-json\/wp\/v2\/media?parent=48265"}],"wp:term":[{"taxonomy":"product_brand","embeddable":true,"href":"https:\/\/edyka.org\/en\/wp-json\/wp\/v2\/product_brand?post=48265"},{"taxonomy":"product_cat","embeddable":true,"href":"https:\/\/edyka.org\/en\/wp-json\/wp\/v2\/product_cat?post=48265"},{"taxonomy":"product_tag","embeddable":true,"href":"https:\/\/edyka.org\/en\/wp-json\/wp\/v2\/product_tag?post=48265"}],"curies":[{"name":"wp","href":"https:\/\/api.w.org\/{rel}","templated":true}]}}