{"id":48263,"date":"2025-07-22T10:34:43","date_gmt":"2025-07-22T14:34:43","guid":{"rendered":"https:\/\/edyka.org\/produit\/matilda\/"},"modified":"2025-07-22T10:34:43","modified_gmt":"2025-07-22T14:34:43","slug":"matilda","status":"publish","type":"product","link":"https:\/\/edyka.org\/en\/produit\/matilda\/","title":{"rendered":"Matilda"},"content":{"rendered":"<p><a href=\"https:\/\/en.wikipedia.org\/wiki\/Matilda_(novel)\" rel=\"nofollow\">https:\/\/en.wikipedia.org\/wiki\/Matilda_(novel)<\/a><\/p>\n","protected":false},"excerpt":{"rendered":"<p>Avant m\u00eame d&#8217;avoir cinq ans, Matilda sait lire et \u00e9crire, conna\u00eet tout Dickens, tout Hemingway, a d\u00e9vor\u00e9 Kipling et Steinbeck. Pourtant son existence est loin d&#8217;\u00eatre facile &#8230;<\/p>\n","protected":false},"featured_media":22602,"template":"","meta":[],"product_brand":[],"product_cat":[1101,1081,1083,1077,1113],"product_tag":[],"class_list":{"0":"post-48263","1":"product","2":"type-product","3":"status-publish","4":"has-post-thumbnail","6":"product_cat-enrichment","7":"product_cat-french","8":"product_cat-giftedness","9":"product_cat-text","10":"product_cat-youth","12":"first","13":"instock","14":"shipping-taxable","15":"product-type-simple"},"jetpack_sharing_enabled":true,"_links":{"self":[{"href":"https:\/\/edyka.org\/en\/wp-json\/wp\/v2\/product\/48263","targetHints":{"allow":["GET"]}}],"collection":[{"href":"https:\/\/edyka.org\/en\/wp-json\/wp\/v2\/product"}],"about":[{"href":"https:\/\/edyka.org\/en\/wp-json\/wp\/v2\/types\/product"}],"version-history":[{"count":0,"href":"https:\/\/edyka.org\/en\/wp-json\/wp\/v2\/product\/48263\/revisions"}],"wp:featuredmedia":[{"embeddable":true,"href":"https:\/\/edyka.org\/en\/wp-json\/wp\/v2\/media\/22602"}],"wp:attachment":[{"href":"https:\/\/edyka.org\/en\/wp-json\/wp\/v2\/media?parent=48263"}],"wp:term":[{"taxonomy":"product_brand","embeddable":true,"href":"https:\/\/edyka.org\/en\/wp-json\/wp\/v2\/product_brand?post=48263"},{"taxonomy":"product_cat","embeddable":true,"href":"https:\/\/edyka.org\/en\/wp-json\/wp\/v2\/product_cat?post=48263"},{"taxonomy":"product_tag","embeddable":true,"href":"https:\/\/edyka.org\/en\/wp-json\/wp\/v2\/product_tag?post=48263"}],"curies":[{"name":"wp","href":"https:\/\/api.w.org\/{rel}","templated":true}]}}