{"id":48262,"date":"2025-07-22T10:34:44","date_gmt":"2025-07-22T14:34:44","guid":{"rendered":"https:\/\/edyka.org\/produit\/comment-peut-on-etre-surdoue-et-pourtant-en-echec-scolaire\/"},"modified":"2025-07-22T10:34:44","modified_gmt":"2025-07-22T14:34:44","slug":"comment-peut-on-etre-surdoue-et-pourtant-en-echec-scolaire","status":"publish","type":"product","link":"https:\/\/edyka.org\/en\/produit\/comment-peut-on-etre-surdoue-et-pourtant-en-echec-scolaire\/","title":{"rendered":"Comment peut-on \u00eatre surdou\u00e9 et pourtant en \u00e9chec scolaire?"},"content":{"rendered":"<p><a href=\"https:\/\/www.science-et-vie.com\/questions-reponses\/comment-peut-on-etre-surdoue-et-pourtant-en-echec-scolaire-56480.html#:~:text=Ils%20r%C3%A9fl%C3%A9chissent%20rapidement%2C%20m%C3%A9morisent%20sans,pour%20rentrer%20dans%20le%20moule\" rel=\"nofollow\">https:\/\/www.science-et-vie.com\/questions-reponses\/comment-peut-on-etre-surdoue-et-pourtant-en-echec-scolaire-56480.html#:~:text=Ils%20r%C3%A9fl%C3%A9chissent%20rapidement%2C%20m%C3%A9morisent%20sans,pour%20rentrer%20dans%20le%20moule<\/a>.<\/p>\n","protected":false},"excerpt":{"rendered":"<p>Cet article explique comment certaines personnes surdou\u00e9es peuvent \u00e9chouer \u00e0 l&#8217;\u00e9cole en raison de leur manque d&#8217;adaptation aux m\u00e9thodes traditionnelles d&#8217;enseignement. Ces personnes peuvent avoir des besoins \u00e9ducatifs diff\u00e9rents et peuvent \u00eatre en d\u00e9saccord avec les attentes acad\u00e9miques. Il est important de reconna\u00eetre ces besoins et de leur offrir des options d&#8217;apprentissage adapt\u00e9es pour \u00e9viter l&#8217;\u00e9chec scolaire.<\/p>\n","protected":false},"featured_media":16527,"template":"","meta":[],"product_brand":[],"product_cat":[1081,1083,1118,1077],"product_tag":[],"class_list":{"0":"post-48262","1":"product","2":"type-product","3":"status-publish","4":"has-post-thumbnail","6":"product_cat-french","7":"product_cat-giftedness","8":"product_cat-popularization","9":"product_cat-text","11":"first","12":"instock","13":"shipping-taxable","14":"product-type-simple"},"jetpack_sharing_enabled":true,"_links":{"self":[{"href":"https:\/\/edyka.org\/en\/wp-json\/wp\/v2\/product\/48262","targetHints":{"allow":["GET"]}}],"collection":[{"href":"https:\/\/edyka.org\/en\/wp-json\/wp\/v2\/product"}],"about":[{"href":"https:\/\/edyka.org\/en\/wp-json\/wp\/v2\/types\/product"}],"wp:featuredmedia":[{"embeddable":true,"href":"https:\/\/edyka.org\/en\/wp-json\/wp\/v2\/media\/16527"}],"wp:attachment":[{"href":"https:\/\/edyka.org\/en\/wp-json\/wp\/v2\/media?parent=48262"}],"wp:term":[{"taxonomy":"product_brand","embeddable":true,"href":"https:\/\/edyka.org\/en\/wp-json\/wp\/v2\/product_brand?post=48262"},{"taxonomy":"product_cat","embeddable":true,"href":"https:\/\/edyka.org\/en\/wp-json\/wp\/v2\/product_cat?post=48262"},{"taxonomy":"product_tag","embeddable":true,"href":"https:\/\/edyka.org\/en\/wp-json\/wp\/v2\/product_tag?post=48262"}],"curies":[{"name":"wp","href":"https:\/\/api.w.org\/{rel}","templated":true}]}}