{"id":48252,"date":"2025-07-22T10:34:48","date_gmt":"2025-07-22T14:34:48","guid":{"rendered":"https:\/\/edyka.org\/produit\/amazing-things-happen-2\/"},"modified":"2026-04-06T18:03:37","modified_gmt":"2026-04-06T22:03:37","slug":"amazing-things-happen-2","status":"publish","type":"product","link":"https:\/\/edyka.org\/en\/produit\/amazing-things-happen-2\/","title":{"rendered":"Amazing things happen"},"content":{"rendered":"<blockquote class=\"wp-embedded-content\" data-secret=\"tbSFoTHRf7\"><p><a href=\"https:\/\/amazingthingshappen.tv\/\" rel=\"nofollow noopener\" target=\"_blank\">Amazing Things Project<\/a><\/p><\/blockquote>\n<p><iframe loading=\"lazy\" class=\"wp-embedded-content\" sandbox=\"allow-scripts\" security=\"restricted\" style=\"position: absolute; visibility: hidden;\" title=\"&#8220;Amazing Things Project&#8221; &#8212; Amazing Things Project\" src=\"https:\/\/amazingthingshappen.tv\/?embed=true#?secret=tbSFoTHRf7\" data-secret=\"tbSFoTHRf7\" width=\"600\" height=\"338\" frameborder=\"0\" marginwidth=\"0\" marginheight=\"0\" scrolling=\"no\"><\/iframe><\/p>\n","protected":false},"excerpt":{"rendered":"<p>Ce film vise \u00e0 sensibiliser un public non-autistic sur l\u2019autisme, afin de stimuler la compr\u00e9hension et la tol\u00e9rance chez des g\u00e9n\u00e9rations futures. Il est destin\u00e9 \u00e0 \u00eatre vu, discut\u00e9, et partag\u00e9 (gratuitement) par quiconque, mais tout particuli\u00e8rement par les enseignants et les parents.<\/p>\n","protected":false},"featured_media":48923,"template":"","meta":[],"product_brand":[],"product_cat":[1087,1081,1118,1078,1113],"product_tag":[1119,1120],"class_list":{"0":"post-48252","1":"product","2":"type-product","3":"status-publish","4":"has-post-thumbnail","6":"product_cat-asd","7":"product_cat-french","8":"product_cat-popularization","9":"product_cat-video-en","10":"product_cat-youth","11":"product_tag-editors-pick","12":"product_tag-teachers","14":"first","15":"instock","16":"shipping-taxable","17":"product-type-simple"},"jetpack_sharing_enabled":true,"_links":{"self":[{"href":"https:\/\/edyka.org\/en\/wp-json\/wp\/v2\/product\/48252","targetHints":{"allow":["GET"]}}],"collection":[{"href":"https:\/\/edyka.org\/en\/wp-json\/wp\/v2\/product"}],"about":[{"href":"https:\/\/edyka.org\/en\/wp-json\/wp\/v2\/types\/product"}],"wp:featuredmedia":[{"embeddable":true,"href":"https:\/\/edyka.org\/en\/wp-json\/wp\/v2\/media\/48923"}],"wp:attachment":[{"href":"https:\/\/edyka.org\/en\/wp-json\/wp\/v2\/media?parent=48252"}],"wp:term":[{"taxonomy":"product_brand","embeddable":true,"href":"https:\/\/edyka.org\/en\/wp-json\/wp\/v2\/product_brand?post=48252"},{"taxonomy":"product_cat","embeddable":true,"href":"https:\/\/edyka.org\/en\/wp-json\/wp\/v2\/product_cat?post=48252"},{"taxonomy":"product_tag","embeddable":true,"href":"https:\/\/edyka.org\/en\/wp-json\/wp\/v2\/product_tag?post=48252"}],"curies":[{"name":"wp","href":"https:\/\/api.w.org\/{rel}","templated":true}]}}