{"id":48248,"date":"2025-07-22T10:35:07","date_gmt":"2025-07-22T14:35:07","guid":{"rendered":"https:\/\/edyka.org\/produit\/mieux-comprendre-lautisme-hypersensibilite-et-troubles-sensoriels\/"},"modified":"2026-04-06T18:03:19","modified_gmt":"2026-04-06T22:03:19","slug":"mieux-comprendre-lautisme-hypersensibilite-et-troubles-sensoriels","status":"publish","type":"product","link":"https:\/\/edyka.org\/en\/produit\/mieux-comprendre-lautisme-hypersensibilite-et-troubles-sensoriels\/","title":{"rendered":"Mieux comprendre l&#8217;autisme ; hypersensibilit\u00e9 et troubles sensoriels"},"content":{"rendered":"<p><a href=\"https:\/\/youtube.com\/watch?v=CNZu7Q2zQ0w%3Frel%3D0\" rel=\"nofollow\">https:\/\/youtube.com\/watch?v=CNZu7Q2zQ0w%3Frel%3D0<\/a><\/p>\n","protected":false},"excerpt":{"rendered":"<p>Alistair Houdayer, autiste et auteur, explique comment les personnes autistes vivent une hypersensibilit\u00e9 ou hyposensibilit\u00e9 sensorielle (bruits, lumi\u00e8res, textures\u2026) qui impacte leur quotidien et peut provoquer fatigue ou inconfort<\/p>\n","protected":false},"featured_media":48923,"template":"","meta":[],"product_brand":[],"product_cat":[1087,1081,1118,1096,1078],"product_tag":[],"class_list":{"0":"post-48248","1":"product","2":"type-product","3":"status-publish","4":"has-post-thumbnail","6":"product_cat-asd","7":"product_cat-french","8":"product_cat-popularization","9":"product_cat-sensory-disorders","10":"product_cat-video-en","12":"first","13":"instock","14":"shipping-taxable","15":"product-type-simple"},"jetpack_sharing_enabled":true,"_links":{"self":[{"href":"https:\/\/edyka.org\/en\/wp-json\/wp\/v2\/product\/48248","targetHints":{"allow":["GET"]}}],"collection":[{"href":"https:\/\/edyka.org\/en\/wp-json\/wp\/v2\/product"}],"about":[{"href":"https:\/\/edyka.org\/en\/wp-json\/wp\/v2\/types\/product"}],"wp:featuredmedia":[{"embeddable":true,"href":"https:\/\/edyka.org\/en\/wp-json\/wp\/v2\/media\/48923"}],"wp:attachment":[{"href":"https:\/\/edyka.org\/en\/wp-json\/wp\/v2\/media?parent=48248"}],"wp:term":[{"taxonomy":"product_brand","embeddable":true,"href":"https:\/\/edyka.org\/en\/wp-json\/wp\/v2\/product_brand?post=48248"},{"taxonomy":"product_cat","embeddable":true,"href":"https:\/\/edyka.org\/en\/wp-json\/wp\/v2\/product_cat?post=48248"},{"taxonomy":"product_tag","embeddable":true,"href":"https:\/\/edyka.org\/en\/wp-json\/wp\/v2\/product_tag?post=48248"}],"curies":[{"name":"wp","href":"https:\/\/api.w.org\/{rel}","templated":true}]}}