{"id":48237,"date":"2025-07-22T10:35:15","date_gmt":"2025-07-22T14:35:15","guid":{"rendered":"https:\/\/edyka.org\/produit\/doue-surdoue-precoce-lenfant-prometteur-et-lecole\/"},"modified":"2026-04-11T21:00:26","modified_gmt":"2026-04-12T01:00:26","slug":"doue-surdoue-precoce-lenfant-prometteur-et-lecole","status":"publish","type":"product","link":"https:\/\/edyka.org\/en\/produit\/doue-surdoue-precoce-lenfant-prometteur-et-lecole\/","title":{"rendered":"Dou\u00e9, surdou\u00e9, pr\u00e9coce, l\u2019enfant prometteur et l\u2019\u00e9cole"},"content":{"rendered":"<p><a href=\"https:\/\/www.oppa-montessori.net\/librairie-pedagogique\/417-doue-surdoue-precoce-lenfant-prometteur-et-lecole.html\" rel=\"nofollow\">https:\/\/www.oppa-montessori.net\/librairie-pedagogique\/417-doue-surdoue-precoce-lenfant-prometteur-et-lecole.html<\/a><\/p>\n","protected":false},"excerpt":{"rendered":"<p>&#8220;Dou\u00e9, surdou\u00e9, pr\u00e9coce, l&#8217;enfant prometteur et l&#8217;\u00e9cole&#8221; est un livre qui traite de la question des enfants ayant des talents exceptionnels. Il explore les particularit\u00e9s des enfants ayant un haut potentiel intellectuel et les d\u00e9fis qu&#8217;ils peuvent rencontrer dans leur scolarit\u00e9. Le livre analyse les diff\u00e9rentes fa\u00e7ons de les identifier, les accompagner, les \u00e9duquer et les motiver. Il aborde les difficult\u00e9s que ces enfants peuvent rencontrer dans leur vie scolaire et personnelle ainsi que les cons\u00e9quences possibles sur leur d\u00e9veloppement \u00e9motionnel et social. Il s&#8217;adresse aux parents, aux enseignants et aux professionnels de la sant\u00e9 qui cherchent \u00e0 comprendre les besoins et les aspirations des enfants ayant des talents exceptionnels et \u00e0 les aider \u00e0 atteindre leur potentiel. Il propose des solutions pour adapter l&#8217;\u00e9ducation aux talents et aux besoins de ces enfants.<\/p>\n","protected":false},"featured_media":27664,"template":"","meta":[],"product_brand":[],"product_cat":[1081,1083,1118,1077],"product_tag":[],"class_list":{"0":"post-48237","1":"product","2":"type-product","3":"status-publish","4":"has-post-thumbnail","6":"product_cat-french","7":"product_cat-giftedness","8":"product_cat-popularization","9":"product_cat-text","11":"first","12":"instock","13":"shipping-taxable","14":"product-type-simple"},"jetpack_sharing_enabled":true,"_links":{"self":[{"href":"https:\/\/edyka.org\/en\/wp-json\/wp\/v2\/product\/48237","targetHints":{"allow":["GET"]}}],"collection":[{"href":"https:\/\/edyka.org\/en\/wp-json\/wp\/v2\/product"}],"about":[{"href":"https:\/\/edyka.org\/en\/wp-json\/wp\/v2\/types\/product"}],"wp:featuredmedia":[{"embeddable":true,"href":"https:\/\/edyka.org\/en\/wp-json\/wp\/v2\/media\/27664"}],"wp:attachment":[{"href":"https:\/\/edyka.org\/en\/wp-json\/wp\/v2\/media?parent=48237"}],"wp:term":[{"taxonomy":"product_brand","embeddable":true,"href":"https:\/\/edyka.org\/en\/wp-json\/wp\/v2\/product_brand?post=48237"},{"taxonomy":"product_cat","embeddable":true,"href":"https:\/\/edyka.org\/en\/wp-json\/wp\/v2\/product_cat?post=48237"},{"taxonomy":"product_tag","embeddable":true,"href":"https:\/\/edyka.org\/en\/wp-json\/wp\/v2\/product_tag?post=48237"}],"curies":[{"name":"wp","href":"https:\/\/api.w.org\/{rel}","templated":true}]}}