{"id":48235,"date":"2025-07-22T10:35:16","date_gmt":"2025-07-22T14:35:16","guid":{"rendered":"https:\/\/edyka.org\/produit\/les-tresors-en-education-specialisee\/"},"modified":"2025-07-22T10:35:16","modified_gmt":"2025-07-22T14:35:16","slug":"les-tresors-en-education-specialisee","status":"publish","type":"product","link":"https:\/\/edyka.org\/en\/produit\/les-tresors-en-education-specialisee\/","title":{"rendered":"Les tr\u00e9sors en Education Sp\u00e9cialis\u00e9e"},"content":{"rendered":"<p><a href=\"https:\/\/educationspecialisee.ca\/\" rel=\"nofollow\">https:\/\/educationspecialisee.ca\/<\/a><\/p>\n","protected":false},"excerpt":{"rendered":"<p>L&#8217;association soutient les enfants et les jeunes atteints de troubles de l&#8217;apprentissage ou de handicaps physiques ou mentaux, ainsi que leur famille. Elle vise \u00e0 am\u00e9liorer leur qualit\u00e9 de vie en leur offrant des services \u00e9ducatifs et th\u00e9rapeutiques adapt\u00e9s \u00e0 leurs besoins sp\u00e9cifiques. L&#8217;association propose des programmes d&#8217;\u00e9ducation sp\u00e9cialis\u00e9e, de r\u00e9adaptation, de loisirs et de bien-\u00eatre, ainsi que des activit\u00e9s de sensibilisation et de pr\u00e9vention. Elle travaille en collaboration avec les professionnels de sant\u00e9, les enseignants et les organisations de la communaut\u00e9 pour offrir un soutien global et personnalis\u00e9.<\/p>\n","protected":false},"featured_media":37654,"template":"","meta":[],"product_brand":[],"product_cat":[1106,1081,1074,1109,1114,1108],"product_tag":[1119],"class_list":{"0":"post-48235","1":"product","2":"type-product","3":"status-publish","4":"has-post-thumbnail","6":"product_cat-anxiety","7":"product_cat-french","8":"product_cat-interactive","9":"product_cat-organization-en","10":"product_cat-practical","11":"product_cat-social-skills","12":"product_tag-editors-pick","14":"first","15":"instock","16":"shipping-taxable","17":"product-type-simple"},"jetpack_sharing_enabled":true,"_links":{"self":[{"href":"https:\/\/edyka.org\/en\/wp-json\/wp\/v2\/product\/48235","targetHints":{"allow":["GET"]}}],"collection":[{"href":"https:\/\/edyka.org\/en\/wp-json\/wp\/v2\/product"}],"about":[{"href":"https:\/\/edyka.org\/en\/wp-json\/wp\/v2\/types\/product"}],"wp:featuredmedia":[{"embeddable":true,"href":"https:\/\/edyka.org\/en\/wp-json\/wp\/v2\/media\/37654"}],"wp:attachment":[{"href":"https:\/\/edyka.org\/en\/wp-json\/wp\/v2\/media?parent=48235"}],"wp:term":[{"taxonomy":"product_brand","embeddable":true,"href":"https:\/\/edyka.org\/en\/wp-json\/wp\/v2\/product_brand?post=48235"},{"taxonomy":"product_cat","embeddable":true,"href":"https:\/\/edyka.org\/en\/wp-json\/wp\/v2\/product_cat?post=48235"},{"taxonomy":"product_tag","embeddable":true,"href":"https:\/\/edyka.org\/en\/wp-json\/wp\/v2\/product_tag?post=48235"}],"curies":[{"name":"wp","href":"https:\/\/api.w.org\/{rel}","templated":true}]}}