{"id":48231,"date":"2025-07-22T10:35:18","date_gmt":"2025-07-22T14:35:18","guid":{"rendered":"https:\/\/edyka.org\/produit\/gymno\/"},"modified":"2026-04-11T17:43:43","modified_gmt":"2026-04-11T21:43:43","slug":"gymno","status":"publish","type":"product","link":"https:\/\/edyka.org\/en\/produit\/gymno\/","title":{"rendered":"Gymno"},"content":{"rendered":"<p><a href=\"https:\/\/www.gymno.org\/\" rel=\"nofollow\">https:\/\/www.gymno.org\/<\/a><\/p>\n","protected":false},"excerpt":{"rendered":"<p>L&#8217;association promeut et d\u00e9veloppe des activit\u00e9s sportives pour les personnes atteintes de troubles de l&#8217;apprentissage, tels que le TDA\/H ou l&#8217;autisme. Elle vise \u00e0 aider ces personnes \u00e0 s&#8217;int\u00e9grer socialement et \u00e0 am\u00e9liorer leur qualit\u00e9 de vie en leur offrant des activit\u00e9s physiques adapt\u00e9es \u00e0 leurs besoins. Elle organise des \u00e9v\u00e9nements sportifs, des stages et des ateliers pour les personnes concern\u00e9es, ainsi que des formations pour les professionnels de l&#8217;\u00e9ducation physique et des soignants. Elle a pour but de favoriser l&#8217;inclusion sociale et sportive des personnes en situation de handicap.<\/p>\n","protected":false},"featured_media":48921,"template":"","meta":[],"product_brand":[],"product_cat":[1081,1112,1075,1096],"product_tag":[1119],"class_list":{"0":"post-48231","1":"product","2":"type-product","3":"status-publish","4":"has-post-thumbnail","6":"product_cat-french","7":"product_cat-institutional","8":"product_cat-organization","9":"product_cat-sensory-disorders","10":"product_tag-editors-pick","12":"first","13":"instock","14":"shipping-taxable","15":"product-type-simple"},"jetpack_sharing_enabled":true,"_links":{"self":[{"href":"https:\/\/edyka.org\/en\/wp-json\/wp\/v2\/product\/48231","targetHints":{"allow":["GET"]}}],"collection":[{"href":"https:\/\/edyka.org\/en\/wp-json\/wp\/v2\/product"}],"about":[{"href":"https:\/\/edyka.org\/en\/wp-json\/wp\/v2\/types\/product"}],"wp:featuredmedia":[{"embeddable":true,"href":"https:\/\/edyka.org\/en\/wp-json\/wp\/v2\/media\/48921"}],"wp:attachment":[{"href":"https:\/\/edyka.org\/en\/wp-json\/wp\/v2\/media?parent=48231"}],"wp:term":[{"taxonomy":"product_brand","embeddable":true,"href":"https:\/\/edyka.org\/en\/wp-json\/wp\/v2\/product_brand?post=48231"},{"taxonomy":"product_cat","embeddable":true,"href":"https:\/\/edyka.org\/en\/wp-json\/wp\/v2\/product_cat?post=48231"},{"taxonomy":"product_tag","embeddable":true,"href":"https:\/\/edyka.org\/en\/wp-json\/wp\/v2\/product_tag?post=48231"}],"curies":[{"name":"wp","href":"https:\/\/api.w.org\/{rel}","templated":true}]}}