{"id":48230,"date":"2025-07-22T10:35:19","date_gmt":"2025-07-22T14:35:19","guid":{"rendered":"https:\/\/edyka.org\/produit\/japprends-les-formes-geometriques\/"},"modified":"2026-04-11T17:05:46","modified_gmt":"2026-04-11T21:05:46","slug":"japprends-les-formes-geometriques","status":"publish","type":"product","link":"https:\/\/edyka.org\/en\/produit\/japprends-les-formes-geometriques\/","title":{"rendered":"J&#8217;apprends les formes g\u00e9om\u00e9triques"},"content":{"rendered":"<p><a href=\"https:\/\/www.didacto.com\/geometrie\/30262-j-apprends-les-formes-3664944114413.html\" rel=\"nofollow\">https:\/\/www.didacto.com\/geometrie\/30262-j-apprends-les-formes-3664944114413.html<\/a><\/p>\n","protected":false},"excerpt":{"rendered":"<p>10 cartes \u00e9ducatives pour apprendre \u00e0 associer les formes g\u00e9om\u00e9triques.<\/p>\n","protected":false},"featured_media":37666,"template":"","meta":[],"product_brand":[],"product_cat":[1115,1081,1097,1076,1114],"product_tag":[],"class_list":{"0":"post-48230","1":"product","2":"type-product","3":"status-publish","4":"has-post-thumbnail","6":"product_cat-educational","7":"product_cat-french","8":"product_cat-learning","9":"product_cat-physical","10":"product_cat-practical","12":"first","13":"instock","14":"shipping-taxable","15":"product-type-simple"},"jetpack_sharing_enabled":true,"_links":{"self":[{"href":"https:\/\/edyka.org\/en\/wp-json\/wp\/v2\/product\/48230","targetHints":{"allow":["GET"]}}],"collection":[{"href":"https:\/\/edyka.org\/en\/wp-json\/wp\/v2\/product"}],"about":[{"href":"https:\/\/edyka.org\/en\/wp-json\/wp\/v2\/types\/product"}],"wp:featuredmedia":[{"embeddable":true,"href":"https:\/\/edyka.org\/en\/wp-json\/wp\/v2\/media\/37666"}],"wp:attachment":[{"href":"https:\/\/edyka.org\/en\/wp-json\/wp\/v2\/media?parent=48230"}],"wp:term":[{"taxonomy":"product_brand","embeddable":true,"href":"https:\/\/edyka.org\/en\/wp-json\/wp\/v2\/product_brand?post=48230"},{"taxonomy":"product_cat","embeddable":true,"href":"https:\/\/edyka.org\/en\/wp-json\/wp\/v2\/product_cat?post=48230"},{"taxonomy":"product_tag","embeddable":true,"href":"https:\/\/edyka.org\/en\/wp-json\/wp\/v2\/product_tag?post=48230"}],"curies":[{"name":"wp","href":"https:\/\/api.w.org\/{rel}","templated":true}]}}