{"id":48228,"date":"2025-07-22T10:35:19","date_gmt":"2025-07-22T14:35:19","guid":{"rendered":"https:\/\/edyka.org\/produit\/puzzle-en-bois-janod\/"},"modified":"2025-07-22T10:35:19","modified_gmt":"2025-07-22T14:35:19","slug":"puzzle-en-bois-janod","status":"publish","type":"product","link":"https:\/\/edyka.org\/en\/produit\/puzzle-en-bois-janod\/","title":{"rendered":"Puzzle en bois &#8220;Janod&#8221;"},"content":{"rendered":"<p><a href=\"https:\/\/www.janod.com\/fr\/18-puzzles\" rel=\"nofollow\">https:\/\/www.janod.com\/fr\/18-puzzles<\/a><\/p>\n","protected":false},"excerpt":{"rendered":"<p>Janod propose une gamme de puzzles en bois de diff\u00e9rentes tailles et niveaux de difficult\u00e9. Ces puzzles aident \u00e0 d\u00e9velopper la coordination des mains et des doigts, ainsi que la r\u00e9solution de probl\u00e8mes, tout en offrant une exp\u00e9rience tactile agr\u00e9able. <\/p>\n","protected":false},"featured_media":37662,"template":"","meta":[],"product_brand":[],"product_cat":[1080,1081,1100,1076,1114,1113],"product_tag":[],"class_list":{"0":"post-48228","1":"product","2":"type-product","3":"status-publish","4":"has-post-thumbnail","6":"product_cat-english","7":"product_cat-french","8":"product_cat-motor-coordination","9":"product_cat-physical","10":"product_cat-practical","11":"product_cat-youth","13":"first","14":"instock","15":"shipping-taxable","16":"product-type-simple"},"jetpack_sharing_enabled":true,"_links":{"self":[{"href":"https:\/\/edyka.org\/en\/wp-json\/wp\/v2\/product\/48228","targetHints":{"allow":["GET"]}}],"collection":[{"href":"https:\/\/edyka.org\/en\/wp-json\/wp\/v2\/product"}],"about":[{"href":"https:\/\/edyka.org\/en\/wp-json\/wp\/v2\/types\/product"}],"wp:featuredmedia":[{"embeddable":true,"href":"https:\/\/edyka.org\/en\/wp-json\/wp\/v2\/media\/37662"}],"wp:attachment":[{"href":"https:\/\/edyka.org\/en\/wp-json\/wp\/v2\/media?parent=48228"}],"wp:term":[{"taxonomy":"product_brand","embeddable":true,"href":"https:\/\/edyka.org\/en\/wp-json\/wp\/v2\/product_brand?post=48228"},{"taxonomy":"product_cat","embeddable":true,"href":"https:\/\/edyka.org\/en\/wp-json\/wp\/v2\/product_cat?post=48228"},{"taxonomy":"product_tag","embeddable":true,"href":"https:\/\/edyka.org\/en\/wp-json\/wp\/v2\/product_tag?post=48228"}],"curies":[{"name":"wp","href":"https:\/\/api.w.org\/{rel}","templated":true}]}}