{"id":48227,"date":"2025-07-22T10:35:20","date_gmt":"2025-07-22T14:35:20","guid":{"rendered":"https:\/\/edyka.org\/produit\/lucas-et-compagnie-merci-papa-merci-maman\/"},"modified":"2025-07-22T10:35:20","modified_gmt":"2025-07-22T14:35:20","slug":"lucas-et-compagnie-merci-papa-merci-maman","status":"publish","type":"product","link":"https:\/\/edyka.org\/en\/produit\/lucas-et-compagnie-merci-papa-merci-maman\/","title":{"rendered":"Lucas et compagnie : Merci papa, merci maman"},"content":{"rendered":"<p><a href=\"https:\/\/www.decitre.fr\/Livre\/lucas-et-compagnie-merci-papa-merci-maman-9782012004757.html\" rel=\"nofollow\">https:\/\/www.decitre.fr\/Livre\/lucas-et-compagnie-merci-papa-merci-maman-9782012004757.html<\/a><\/p>\n","protected":false},"excerpt":{"rendered":"<p>Lucas Deschamp, 11 ans, est surdou\u00e9 &#8230; Depuis que sa m\u00e8re a rencontr\u00e9 Fran\u00e7ois Rosen, ils vivent \u00e0 8 sous le m\u00eame toit.  il a d\u00e9cid\u00e9 de raconter son histoire peu ordinaire de cette dr\u00f4le de tribu&#8230; dont je fais partie.<\/p>\n","protected":false},"featured_media":22592,"template":"","meta":[],"product_brand":[],"product_cat":[1101,1081,1083,1077,1113],"product_tag":[],"class_list":{"0":"post-48227","1":"product","2":"type-product","3":"status-publish","4":"has-post-thumbnail","6":"product_cat-enrichment","7":"product_cat-french","8":"product_cat-giftedness","9":"product_cat-text","10":"product_cat-youth","12":"first","13":"instock","14":"shipping-taxable","15":"product-type-simple"},"jetpack_sharing_enabled":true,"_links":{"self":[{"href":"https:\/\/edyka.org\/en\/wp-json\/wp\/v2\/product\/48227","targetHints":{"allow":["GET"]}}],"collection":[{"href":"https:\/\/edyka.org\/en\/wp-json\/wp\/v2\/product"}],"about":[{"href":"https:\/\/edyka.org\/en\/wp-json\/wp\/v2\/types\/product"}],"version-history":[{"count":0,"href":"https:\/\/edyka.org\/en\/wp-json\/wp\/v2\/product\/48227\/revisions"}],"wp:featuredmedia":[{"embeddable":true,"href":"https:\/\/edyka.org\/en\/wp-json\/wp\/v2\/media\/22592"}],"wp:attachment":[{"href":"https:\/\/edyka.org\/en\/wp-json\/wp\/v2\/media?parent=48227"}],"wp:term":[{"taxonomy":"product_brand","embeddable":true,"href":"https:\/\/edyka.org\/en\/wp-json\/wp\/v2\/product_brand?post=48227"},{"taxonomy":"product_cat","embeddable":true,"href":"https:\/\/edyka.org\/en\/wp-json\/wp\/v2\/product_cat?post=48227"},{"taxonomy":"product_tag","embeddable":true,"href":"https:\/\/edyka.org\/en\/wp-json\/wp\/v2\/product_tag?post=48227"}],"curies":[{"name":"wp","href":"https:\/\/api.w.org\/{rel}","templated":true}]}}