{"id":48224,"date":"2025-07-22T10:29:35","date_gmt":"2025-07-22T14:29:35","guid":{"rendered":"https:\/\/edyka.org\/produit\/gestion-des-emotions-35-activites-pour-aider-votre-enfant-a-mieux-vivre-les-emotions\/"},"modified":"2025-07-22T10:29:35","modified_gmt":"2025-07-22T14:29:35","slug":"gestion-des-emotions-35-activites-pour-aider-votre-enfant-a-mieux-vivre-les-emotions","status":"publish","type":"product","link":"https:\/\/edyka.org\/en\/produit\/gestion-des-emotions-35-activites-pour-aider-votre-enfant-a-mieux-vivre-les-emotions\/","title":{"rendered":"Gestion des \u00e9motions &#8211; 35 activit\u00e9s pour aider votre enfant \u00e0 mieux vivre les \u00e9motions\u00a0"},"content":{"rendered":"<p><a href=\"https:\/\/www.decitre.fr\/Livre\/gestion-des-emotions-9782317004124.html\" rel=\"nofollow\">https:\/\/www.decitre.fr\/Livre\/gestion-des-emotions-9782317004124.html<\/a><\/p>\n","protected":false},"excerpt":{"rendered":"<p>35 exercices ludiques et tout simples pour aider votre enfant \u00e0 surmonter ses \u00e9motions n\u00e9gatives.\u00a0<\/p>\n","protected":false},"featured_media":22558,"template":"","meta":[],"product_brand":[],"product_cat":[1115,1081,1114,1108,1077],"product_tag":[],"class_list":{"0":"post-48224","1":"product","2":"type-product","3":"status-publish","4":"has-post-thumbnail","6":"product_cat-educational","7":"product_cat-french","8":"product_cat-practical","9":"product_cat-social-skills","10":"product_cat-text","12":"first","13":"instock","14":"shipping-taxable","15":"product-type-simple"},"jetpack_sharing_enabled":true,"_links":{"self":[{"href":"https:\/\/edyka.org\/en\/wp-json\/wp\/v2\/product\/48224","targetHints":{"allow":["GET"]}}],"collection":[{"href":"https:\/\/edyka.org\/en\/wp-json\/wp\/v2\/product"}],"about":[{"href":"https:\/\/edyka.org\/en\/wp-json\/wp\/v2\/types\/product"}],"wp:featuredmedia":[{"embeddable":true,"href":"https:\/\/edyka.org\/en\/wp-json\/wp\/v2\/media\/22558"}],"wp:attachment":[{"href":"https:\/\/edyka.org\/en\/wp-json\/wp\/v2\/media?parent=48224"}],"wp:term":[{"taxonomy":"product_brand","embeddable":true,"href":"https:\/\/edyka.org\/en\/wp-json\/wp\/v2\/product_brand?post=48224"},{"taxonomy":"product_cat","embeddable":true,"href":"https:\/\/edyka.org\/en\/wp-json\/wp\/v2\/product_cat?post=48224"},{"taxonomy":"product_tag","embeddable":true,"href":"https:\/\/edyka.org\/en\/wp-json\/wp\/v2\/product_tag?post=48224"}],"curies":[{"name":"wp","href":"https:\/\/api.w.org\/{rel}","templated":true}]}}