{"id":48223,"date":"2025-07-22T10:29:35","date_gmt":"2025-07-22T14:29:35","guid":{"rendered":"https:\/\/edyka.org\/produit\/dyscalculie-pour-eux-chiffres-et-calculs-nont-pas-de-sens\/"},"modified":"2026-04-12T21:38:03","modified_gmt":"2026-04-13T01:38:03","slug":"dyscalculie-pour-eux-chiffres-et-calculs-nont-pas-de-sens","status":"publish","type":"product","link":"https:\/\/edyka.org\/en\/produit\/dyscalculie-pour-eux-chiffres-et-calculs-nont-pas-de-sens\/","title":{"rendered":"Dyscalculie: pour eux, chiffres et calculs n&#8217;ont pas de sens!"},"content":{"rendered":"<p><a href=\"https:\/\/youtube.com\/watch?v=Qes3nhzDRBI%3Frel%3D0\" rel=\"nofollow\">https:\/\/youtube.com\/watch?v=Qes3nhzDRBI%3Frel%3D0<\/a><\/p>\n","protected":false},"excerpt":{"rendered":"<p>La dyscalculie touche en moyenne un \u00e9l\u00e8ve par classe. Pourtant, ce trouble n\u2019est pas bien reconnu et diagnostiqu\u00e9. Des enseignants sp\u00e9cialis\u00e9s se battent au quotidien pour aider les parents et surtout les \u00e9l\u00e8ves qui souffrent de difficult\u00e9s dans le cadre scolaire.<\/p>\n","protected":false},"featured_media":27633,"template":"","meta":[],"product_brand":[],"product_cat":[1089,1081,1097,1118,1078],"product_tag":[],"class_list":{"0":"post-48223","1":"product","2":"type-product","3":"status-publish","4":"has-post-thumbnail","6":"product_cat-dyscalculia","7":"product_cat-french","8":"product_cat-learning","9":"product_cat-popularization","10":"product_cat-video-en","12":"first","13":"instock","14":"shipping-taxable","15":"product-type-simple"},"jetpack_sharing_enabled":true,"_links":{"self":[{"href":"https:\/\/edyka.org\/en\/wp-json\/wp\/v2\/product\/48223","targetHints":{"allow":["GET"]}}],"collection":[{"href":"https:\/\/edyka.org\/en\/wp-json\/wp\/v2\/product"}],"about":[{"href":"https:\/\/edyka.org\/en\/wp-json\/wp\/v2\/types\/product"}],"wp:featuredmedia":[{"embeddable":true,"href":"https:\/\/edyka.org\/en\/wp-json\/wp\/v2\/media\/27633"}],"wp:attachment":[{"href":"https:\/\/edyka.org\/en\/wp-json\/wp\/v2\/media?parent=48223"}],"wp:term":[{"taxonomy":"product_brand","embeddable":true,"href":"https:\/\/edyka.org\/en\/wp-json\/wp\/v2\/product_brand?post=48223"},{"taxonomy":"product_cat","embeddable":true,"href":"https:\/\/edyka.org\/en\/wp-json\/wp\/v2\/product_cat?post=48223"},{"taxonomy":"product_tag","embeddable":true,"href":"https:\/\/edyka.org\/en\/wp-json\/wp\/v2\/product_tag?post=48223"}],"curies":[{"name":"wp","href":"https:\/\/api.w.org\/{rel}","templated":true}]}}