{"id":48222,"date":"2025-07-22T10:29:36","date_gmt":"2025-07-22T14:29:36","guid":{"rendered":"https:\/\/edyka.org\/produit\/cherub-henderson-boys\/"},"modified":"2025-07-22T10:29:36","modified_gmt":"2025-07-22T14:29:36","slug":"cherub-henderson-boys","status":"publish","type":"product","link":"https:\/\/edyka.org\/en\/produit\/cherub-henderson-boys\/","title":{"rendered":"Cherub \nHenderson boys"},"content":{"rendered":"<p><a href=\"https:\/\/fr.wikipedia.org\/wiki\/Henderson&#8217;s_Boys\" rel=\"nofollow\">https:\/\/fr.wikipedia.org\/wiki\/Henderson&#8217;s_Boys<\/a><\/p>\n","protected":false},"excerpt":{"rendered":"<p>Les aventures des agents d&#8217;une agence gouvernementale fictive du Royaume-Uni, cens\u00e9e \u00eatre uniquement compos\u00e9e d\u2019agents mineurs \u00e2g\u00e9s de 10 \u00e0 17 ans.<\/p>\n","protected":false},"featured_media":22400,"template":"","meta":[],"product_brand":[],"product_cat":[1080,1101,1081,1083,1077,1113],"product_tag":[],"class_list":{"0":"post-48222","1":"product","2":"type-product","3":"status-publish","4":"has-post-thumbnail","6":"product_cat-english","7":"product_cat-enrichment","8":"product_cat-french","9":"product_cat-giftedness","10":"product_cat-text","11":"product_cat-youth","13":"first","14":"instock","15":"shipping-taxable","16":"product-type-simple"},"jetpack_sharing_enabled":true,"_links":{"self":[{"href":"https:\/\/edyka.org\/en\/wp-json\/wp\/v2\/product\/48222","targetHints":{"allow":["GET"]}}],"collection":[{"href":"https:\/\/edyka.org\/en\/wp-json\/wp\/v2\/product"}],"about":[{"href":"https:\/\/edyka.org\/en\/wp-json\/wp\/v2\/types\/product"}],"wp:featuredmedia":[{"embeddable":true,"href":"https:\/\/edyka.org\/en\/wp-json\/wp\/v2\/media\/22400"}],"wp:attachment":[{"href":"https:\/\/edyka.org\/en\/wp-json\/wp\/v2\/media?parent=48222"}],"wp:term":[{"taxonomy":"product_brand","embeddable":true,"href":"https:\/\/edyka.org\/en\/wp-json\/wp\/v2\/product_brand?post=48222"},{"taxonomy":"product_cat","embeddable":true,"href":"https:\/\/edyka.org\/en\/wp-json\/wp\/v2\/product_cat?post=48222"},{"taxonomy":"product_tag","embeddable":true,"href":"https:\/\/edyka.org\/en\/wp-json\/wp\/v2\/product_tag?post=48222"}],"curies":[{"name":"wp","href":"https:\/\/api.w.org\/{rel}","templated":true}]}}