{"id":48221,"date":"2025-07-22T10:29:36","date_gmt":"2025-07-22T14:29:36","guid":{"rendered":"https:\/\/edyka.org\/produit\/lelegance-du-herisson\/"},"modified":"2026-04-10T20:53:59","modified_gmt":"2026-04-11T00:53:59","slug":"lelegance-du-herisson","status":"publish","type":"product","link":"https:\/\/edyka.org\/en\/produit\/lelegance-du-herisson\/","title":{"rendered":"L\u2019\u00e9l\u00e9gance du h\u00e9risson"},"content":{"rendered":"<p><a href=\"https:\/\/fr.wikipedia.org\/wiki\/L%27%C3%89l%C3%A9gance_du_h%C3%A9risson\" rel=\"nofollow\">https:\/\/fr.wikipedia.org\/wiki\/L%27%C3%89l%C3%A9gance_du_h%C3%A9risson<\/a><\/p>\n","protected":false},"excerpt":{"rendered":"<p>Rencontre de Ren\u00e9e 54 ans concierge, lettr\u00e9e m\u00e9connue et de Paloma 12 ans tr\u00e8s intelligente qui a d\u00e9cid\u00e9 de se suicider le jour de ses 13 ans.<\/p>\n","protected":false},"featured_media":27693,"template":"","meta":[],"product_brand":[],"product_cat":[1101,1081,1083,1077,1113],"product_tag":[],"class_list":{"0":"post-48221","1":"product","2":"type-product","3":"status-publish","4":"has-post-thumbnail","6":"product_cat-enrichment","7":"product_cat-french","8":"product_cat-giftedness","9":"product_cat-text","10":"product_cat-youth","12":"first","13":"instock","14":"shipping-taxable","15":"product-type-simple"},"jetpack_sharing_enabled":true,"_links":{"self":[{"href":"https:\/\/edyka.org\/en\/wp-json\/wp\/v2\/product\/48221","targetHints":{"allow":["GET"]}}],"collection":[{"href":"https:\/\/edyka.org\/en\/wp-json\/wp\/v2\/product"}],"about":[{"href":"https:\/\/edyka.org\/en\/wp-json\/wp\/v2\/types\/product"}],"wp:featuredmedia":[{"embeddable":true,"href":"https:\/\/edyka.org\/en\/wp-json\/wp\/v2\/media\/27693"}],"wp:attachment":[{"href":"https:\/\/edyka.org\/en\/wp-json\/wp\/v2\/media?parent=48221"}],"wp:term":[{"taxonomy":"product_brand","embeddable":true,"href":"https:\/\/edyka.org\/en\/wp-json\/wp\/v2\/product_brand?post=48221"},{"taxonomy":"product_cat","embeddable":true,"href":"https:\/\/edyka.org\/en\/wp-json\/wp\/v2\/product_cat?post=48221"},{"taxonomy":"product_tag","embeddable":true,"href":"https:\/\/edyka.org\/en\/wp-json\/wp\/v2\/product_tag?post=48221"}],"curies":[{"name":"wp","href":"https:\/\/api.w.org\/{rel}","templated":true}]}}