{"id":48217,"date":"2025-07-22T10:29:37","date_gmt":"2025-07-22T14:29:37","guid":{"rendered":"https:\/\/edyka.org\/produit\/cest-quoi-lintelligence\/"},"modified":"2026-04-12T21:37:34","modified_gmt":"2026-04-13T01:37:34","slug":"cest-quoi-lintelligence","status":"publish","type":"product","link":"https:\/\/edyka.org\/en\/produit\/cest-quoi-lintelligence\/","title":{"rendered":"C\u2019est quoi l\u2019intelligence ?"},"content":{"rendered":"<p><a href=\"https:\/\/www.decitre.fr\/Livre\/c-est-quoi-l-intelligence-9782020113991.html\" rel=\"nofollow\">https:\/\/www.decitre.fr\/Livre\/c-est-quoi-l-intelligence-9782020113991.html<\/a><\/p>\n","protected":false},"excerpt":{"rendered":"<p>&#8220;C&#8217;est quoi l&#8217;intelligence?&#8221; est un livre qui explore les diff\u00e9rentes d\u00e9finitions et les diff\u00e9rentes th\u00e9ories de l&#8217;intelligence. Il examine les diff\u00e9rentes formes d&#8217;intelligence, comme l&#8217;intelligence linguistique, logique-math\u00e9matique, spatiale, kinesth\u00e9sique, musicale, interpersonnelle, intrapersonnelle, etc. Il d\u00e9crit les diff\u00e9rents tests et les diff\u00e9rentes mesures utilis\u00e9s pour \u00e9valuer l&#8217;intelligence. Il examine \u00e9galement les relations entre l&#8217;intelligence, le cerveau, les g\u00e8nes, l&#8217;environnement, l&#8217;\u00e9ducation, la culture, le genre, etc.<\/p>\n","protected":false},"featured_media":48893,"template":"","meta":[],"product_brand":[],"product_cat":[1101,1081,1083,1118,1077,1113],"product_tag":[],"class_list":{"0":"post-48217","1":"product","2":"type-product","3":"status-publish","4":"has-post-thumbnail","6":"product_cat-enrichment","7":"product_cat-french","8":"product_cat-giftedness","9":"product_cat-popularization","10":"product_cat-text","11":"product_cat-youth","13":"first","14":"instock","15":"shipping-taxable","16":"product-type-simple"},"jetpack_sharing_enabled":true,"_links":{"self":[{"href":"https:\/\/edyka.org\/en\/wp-json\/wp\/v2\/product\/48217","targetHints":{"allow":["GET"]}}],"collection":[{"href":"https:\/\/edyka.org\/en\/wp-json\/wp\/v2\/product"}],"about":[{"href":"https:\/\/edyka.org\/en\/wp-json\/wp\/v2\/types\/product"}],"wp:featuredmedia":[{"embeddable":true,"href":"https:\/\/edyka.org\/en\/wp-json\/wp\/v2\/media\/48893"}],"wp:attachment":[{"href":"https:\/\/edyka.org\/en\/wp-json\/wp\/v2\/media?parent=48217"}],"wp:term":[{"taxonomy":"product_brand","embeddable":true,"href":"https:\/\/edyka.org\/en\/wp-json\/wp\/v2\/product_brand?post=48217"},{"taxonomy":"product_cat","embeddable":true,"href":"https:\/\/edyka.org\/en\/wp-json\/wp\/v2\/product_cat?post=48217"},{"taxonomy":"product_tag","embeddable":true,"href":"https:\/\/edyka.org\/en\/wp-json\/wp\/v2\/product_tag?post=48217"}],"curies":[{"name":"wp","href":"https:\/\/api.w.org\/{rel}","templated":true}]}}