{"id":48216,"date":"2025-07-22T10:29:38","date_gmt":"2025-07-22T14:29:38","guid":{"rendered":"https:\/\/edyka.org\/produit\/au-rythme-de-lenfant\/"},"modified":"2025-07-22T10:29:38","modified_gmt":"2025-07-22T14:29:38","slug":"au-rythme-de-lenfant","status":"publish","type":"product","link":"https:\/\/edyka.org\/en\/produit\/au-rythme-de-lenfant\/","title":{"rendered":"Au rythme de l&#8217;enfant"},"content":{"rendered":"<p><a href=\"https:\/\/minishumains.com\/fr\/Produit-2036210-Au-rythme-de-l-enfant-Le-corps-humain?srsltid=AfmBOoqcJX7qzawyxIJiJdHQw5G-MFnH8sJqhA-KBFlGRT-A0weNCyD8\" rel=\"nofollow\">https:\/\/minishumains.com\/fr\/Produit-2036210-Au-rythme-de-l-enfant-Le-corps-humain?srsltid=AfmBOoqcJX7qzawyxIJiJdHQw5G-MFnH8sJqhA-KBFlGRT-A0weNCyD8<\/a><\/p>\n","protected":false},"excerpt":{"rendered":"<p>Un coffret d&#8217;activit\u00e9s pour accompagner pas \u00e0 pas l&#8217;enfant dans la d\u00e9couverte du corps et de ses organes<\/p>\n","protected":false},"featured_media":37674,"template":"","meta":[],"product_brand":[],"product_cat":[1101,1081,1083,1076,1113],"product_tag":[],"class_list":{"0":"post-48216","1":"product","2":"type-product","3":"status-publish","4":"has-post-thumbnail","6":"product_cat-enrichment","7":"product_cat-french","8":"product_cat-giftedness","9":"product_cat-physical","10":"product_cat-youth","12":"first","13":"instock","14":"shipping-taxable","15":"product-type-simple"},"jetpack_sharing_enabled":true,"_links":{"self":[{"href":"https:\/\/edyka.org\/en\/wp-json\/wp\/v2\/product\/48216","targetHints":{"allow":["GET"]}}],"collection":[{"href":"https:\/\/edyka.org\/en\/wp-json\/wp\/v2\/product"}],"about":[{"href":"https:\/\/edyka.org\/en\/wp-json\/wp\/v2\/types\/product"}],"version-history":[{"count":0,"href":"https:\/\/edyka.org\/en\/wp-json\/wp\/v2\/product\/48216\/revisions"}],"wp:featuredmedia":[{"embeddable":true,"href":"https:\/\/edyka.org\/en\/wp-json\/wp\/v2\/media\/37674"}],"wp:attachment":[{"href":"https:\/\/edyka.org\/en\/wp-json\/wp\/v2\/media?parent=48216"}],"wp:term":[{"taxonomy":"product_brand","embeddable":true,"href":"https:\/\/edyka.org\/en\/wp-json\/wp\/v2\/product_brand?post=48216"},{"taxonomy":"product_cat","embeddable":true,"href":"https:\/\/edyka.org\/en\/wp-json\/wp\/v2\/product_cat?post=48216"},{"taxonomy":"product_tag","embeddable":true,"href":"https:\/\/edyka.org\/en\/wp-json\/wp\/v2\/product_tag?post=48216"}],"curies":[{"name":"wp","href":"https:\/\/api.w.org\/{rel}","templated":true}]}}