{"id":48207,"date":"2025-07-22T10:29:50","date_gmt":"2025-07-22T14:29:50","guid":{"rendered":"https:\/\/edyka.org\/produit\/communico-tool-advanced\/"},"modified":"2025-07-22T10:29:50","modified_gmt":"2025-07-22T14:29:50","slug":"communico-tool-advanced","status":"publish","type":"product","link":"https:\/\/edyka.org\/en\/produit\/communico-tool-advanced\/","title":{"rendered":"Communico Tool Advanced"},"content":{"rendered":"<p><a href=\"https:\/\/www.comptoirdessolutions.org\/innovation\/communicotool-advanced\/\" rel=\"nofollow\">https:\/\/www.comptoirdessolutions.org\/innovation\/communicotool-advanced\/<\/a><\/p>\n","protected":false},"excerpt":{"rendered":"<p>Cette application favorise la communication d&#8217;individus pr\u00e9sentant des troubles de la parole ou bien en situation de handicap moteur. Ainsi, une synth\u00e8se vocale oralise les mots s\u00e9lectionn\u00e9s par l&#8217;utilisateur, mais l&#8217;application permet \u00e9galement de faciliter la r\u00e9daction de messages \u00e9crits.<\/p>\n","protected":false},"featured_media":19292,"template":"","meta":[],"product_brand":[],"product_cat":[1093,1081,1074,1114,1104],"product_tag":[1121,1120],"class_list":{"0":"post-48207","1":"product","2":"type-product","3":"status-publish","4":"has-post-thumbnail","6":"product_cat-dysphasia","7":"product_cat-french","8":"product_cat-interactive","9":"product_cat-practical","10":"product_cat-social-emotional","11":"product_tag-new","12":"product_tag-teachers","14":"first","15":"instock","16":"shipping-taxable","17":"product-type-simple"},"jetpack_sharing_enabled":true,"_links":{"self":[{"href":"https:\/\/edyka.org\/en\/wp-json\/wp\/v2\/product\/48207","targetHints":{"allow":["GET"]}}],"collection":[{"href":"https:\/\/edyka.org\/en\/wp-json\/wp\/v2\/product"}],"about":[{"href":"https:\/\/edyka.org\/en\/wp-json\/wp\/v2\/types\/product"}],"wp:featuredmedia":[{"embeddable":true,"href":"https:\/\/edyka.org\/en\/wp-json\/wp\/v2\/media\/19292"}],"wp:attachment":[{"href":"https:\/\/edyka.org\/en\/wp-json\/wp\/v2\/media?parent=48207"}],"wp:term":[{"taxonomy":"product_brand","embeddable":true,"href":"https:\/\/edyka.org\/en\/wp-json\/wp\/v2\/product_brand?post=48207"},{"taxonomy":"product_cat","embeddable":true,"href":"https:\/\/edyka.org\/en\/wp-json\/wp\/v2\/product_cat?post=48207"},{"taxonomy":"product_tag","embeddable":true,"href":"https:\/\/edyka.org\/en\/wp-json\/wp\/v2\/product_tag?post=48207"}],"curies":[{"name":"wp","href":"https:\/\/api.w.org\/{rel}","templated":true}]}}