{"id":48198,"date":"2025-07-22T10:30:06","date_gmt":"2025-07-22T14:30:06","guid":{"rendered":"https:\/\/edyka.org\/produit\/ladulte-surdoue-apprendre-a-faire-simple-quand-on-est-complique\/"},"modified":"2026-04-10T21:09:47","modified_gmt":"2026-04-11T01:09:47","slug":"ladulte-surdoue-apprendre-a-faire-simple-quand-on-est-complique","status":"publish","type":"product","link":"https:\/\/edyka.org\/en\/produit\/ladulte-surdoue-apprendre-a-faire-simple-quand-on-est-complique\/","title":{"rendered":"L\u2019adulte surdou\u00e9\u00a0: apprendre \u00e0 faire simple quand on est compliqu\u00e9"},"content":{"rendered":"<p><a href=\"https:\/\/livre.fnac.com\/a3666449\/Monique-de-Kermadec-L-Adulte-surdoue\" rel=\"nofollow\">https:\/\/livre.fnac.com\/a3666449\/Monique-de-Kermadec-L-Adulte-surdoue<\/a><\/p>\n","protected":false},"excerpt":{"rendered":"<p>Les cl\u00e9s n\u00e9cessaires pour r\u00e9apprendre \u00e0 s&#8217;estimer, se construire, trouver l&#8217;\u00e2me soeur, s&#8217;\u00e9panouir enfin dans la pl\u00e9nitude de ses talents et de l&#8217;extraordinaire personnalit\u00e9. Pour les proches, alli\u00e9s fondamentaux, aides \u00e0 d\u00e9samorcer les conduites d&#8217;\u00e9chec.<\/p>\n","protected":false},"featured_media":27749,"template":"","meta":[],"product_brand":[],"product_cat":[1081,1083,1118,1077],"product_tag":[],"class_list":{"0":"post-48198","1":"product","2":"type-product","3":"status-publish","4":"has-post-thumbnail","6":"product_cat-french","7":"product_cat-giftedness","8":"product_cat-popularization","9":"product_cat-text","11":"first","12":"instock","13":"shipping-taxable","14":"product-type-simple"},"jetpack_sharing_enabled":true,"_links":{"self":[{"href":"https:\/\/edyka.org\/en\/wp-json\/wp\/v2\/product\/48198","targetHints":{"allow":["GET"]}}],"collection":[{"href":"https:\/\/edyka.org\/en\/wp-json\/wp\/v2\/product"}],"about":[{"href":"https:\/\/edyka.org\/en\/wp-json\/wp\/v2\/types\/product"}],"wp:featuredmedia":[{"embeddable":true,"href":"https:\/\/edyka.org\/en\/wp-json\/wp\/v2\/media\/27749"}],"wp:attachment":[{"href":"https:\/\/edyka.org\/en\/wp-json\/wp\/v2\/media?parent=48198"}],"wp:term":[{"taxonomy":"product_brand","embeddable":true,"href":"https:\/\/edyka.org\/en\/wp-json\/wp\/v2\/product_brand?post=48198"},{"taxonomy":"product_cat","embeddable":true,"href":"https:\/\/edyka.org\/en\/wp-json\/wp\/v2\/product_cat?post=48198"},{"taxonomy":"product_tag","embeddable":true,"href":"https:\/\/edyka.org\/en\/wp-json\/wp\/v2\/product_tag?post=48198"}],"curies":[{"name":"wp","href":"https:\/\/api.w.org\/{rel}","templated":true}]}}